{"id":4276,"date":"2020-10-19T21:38:02","date_gmt":"2020-10-19T21:38:02","guid":{"rendered":"http:\/\/www.organizacionentheos.com\/?page_id=4276"},"modified":"2025-08-28T21:25:23","modified_gmt":"2025-08-28T21:25:23","slug":"valores","status":"publish","type":"page","link":"https:\/\/organizacionentheos.com\/en\/valores\/","title":{"rendered":"VALORES"},"content":{"rendered":"<section class=\"l-section wpb_row us_custom_a7aad6fd height_auto color_primary with_img parallax_ver parallaxdir_reversed with_slider\"><div class=\"l-section-img\" style=\"background-image: url(https:\/\/organizacionentheos.com\/wp-content\/uploads\/2020\/10\/ENTHEOS-ROSA-2.jpeg);background-repeat: no-repeat;background-size: contain;\" data-img-width=\"938\" data-img-height=\"239\"><\/div><div class=\"l-section-slider\"><div class=\"w-slider style_none fit_cover\"><div class=\"w-slider-h\"><div class=\"royalSlider\"><div class=\"rsContent\"><a class=\"rsImg\" data-rsw=\"1280\" data-rsh=\"446\" href=\"https:\/\/organizacionentheos.com\/wp-content\/uploads\/2020\/10\/ENTHEOS-ROSA.jpeg\"><span data-alt=\"\"><\/span><\/a><\/div><\/div><img decoding=\"async\" src=\"https:\/\/organizacionentheos.com\/wp-content\/uploads\/2020\/10\/ENTHEOS-ROSA.jpeg\" alt=\"\"><\/div><div class=\"w-slider-json\" onclick='return {&quot;loop&quot;:true,&quot;fadeInLoadedSlide&quot;:false,&quot;slidesSpacing&quot;:0,&quot;imageScalePadding&quot;:0,&quot;numImagesToPreload&quot;:2,&quot;arrowsNav&quot;:false,&quot;arrowsNavAutoHide&quot;:false,&quot;transitionType&quot;:&quot;move&quot;,&quot;transitionSpeed&quot;:1000,&quot;block&quot;:{&quot;moveEffect&quot;:&quot;none&quot;,&quot;speed&quot;:300},&quot;controlNavigation&quot;:&quot;none&quot;,&quot;autoplay&quot;:{&quot;enabled&quot;:true,&quot;pauseOnHover&quot;:false,&quot;delay&quot;:3000},&quot;imageScaleMode&quot;:&quot;fill&quot;,&quot;autoScaleSlider&quot;:true,&quot;autoScaleSliderWidth&quot;:1280,&quot;autoScaleSliderHeight&quot;:446,&quot;fitInViewport&quot;:false}'><\/div><\/div><\/div><div class=\"l-section-h i-cf\"><div class=\"g-cols vc_row type_default valign_top\"><div class=\"vc_col-sm-8 wpb_column vc_column_container\"><div class=\"vc_column-inner\"><div class=\"wpb_wrapper\"><div class=\"w-separator size_huge\"><\/div><div class=\"wpb_text_column us_custom_629f0017\"><div class=\"wpb_wrapper\"><h2 style=\"font-size: 30px; letter-spacing: 10px; font-weight: 400; line-height: 1,8; text-align: left; opacity: .9; font-family: Dosis, arial, sans-serif; margin: 0.67em 0;\">VALORES<\/h2>\n<p style=\"font-size: 14px; letter-spacing: 4px; font-weight: 400; line-height: 140%; text-align: left; font-family: Dosis, arial, sans-serif; color: rgba(255,255,255, .85); text-transform: none;\"><em>Facilitamos el tiempo y el espacio para que te encuentres a ti mismo<\/em><\/p>\n<\/div><\/div><div class=\"w-separator size_huge\"><\/div><\/div><\/div><\/div><div class=\"vc_col-sm-4 wpb_column vc_column_container\"><div class=\"vc_column-inner\"><div class=\"wpb_wrapper\"><div class=\"w-separator size_huge\"><\/div><ol class=\"g-breadcrumbs us_custom_12deb89f separator_custom align_right\" itemscope itemtype=\"http:\/\/schema.org\/BreadcrumbList\"><li class=\"g-breadcrumbs-item\" itemprop=\"itemListElement\" itemscope itemtype=\"http:\/\/schema.org\/ListItem\"><a itemprop=\"item\" href=\"https:\/\/organizacionentheos.com\/en\/\"><span itemprop=\"name\">Entheos<\/span><\/a><meta itemprop=\"position\" content=\"1\"\/><\/li><li class=\"g-breadcrumbs-separator\">\/<\/li><li class=\"g-breadcrumbs-item\">Pages<\/li><\/ol><\/div><\/div><\/div><\/div><\/div><\/section><section class=\"l-section wpb_row height_medium color_alternate with_overlay\"><div class=\"l-section-overlay\" style=\"background: #f2ebe4\"><\/div><div class=\"l-section-h i-cf\"><div class=\"g-cols vc_row type_default valign_top\"><div class=\"vc_col-sm-12 wpb_column vc_column_container\"><div class=\"vc_column-inner\"><div class=\"wpb_wrapper\"><div class=\"w-separator size_medium\"><\/div><\/div><\/div><\/div><\/div><\/div><\/section><section class=\"l-section wpb_row height_auto color_alternate with_overlay\"><div class=\"l-section-overlay\" style=\"background: #f2ebe4\"><\/div><div class=\"l-section-h i-cf\"><div class=\"g-cols vc_row type_default valign_top\"><div class=\"vc_col-sm-2 wpb_column vc_column_container\"><div class=\"vc_column-inner\"><div class=\"wpb_wrapper\"><\/div><\/div><\/div><div class=\"vc_col-sm-8 wpb_column vc_column_container\"><div class=\"vc_column-inner\"><div class=\"wpb_wrapper\"><div class=\"g-cols wpb_row  type_default valign_top vc_inner\"><div class=\"vc_col-sm-12 wpb_column vc_column_container\"><div class=\"vc_column-inner\"><div class=\"wpb_wrapper\"><div class=\"wpb_text_column us_custom_9ecf0bb9\"><div class=\"wpb_wrapper\"><h6 style=\"text-align: center; margin-top: 5px; color: #5a3722; font-weight: 600; margin-bottom: 0.8em; font-size: 18px; text-transform: uppercase; letter-spacing: 0.5em; line-height: 1.4;\">VALOR RETIRO<\/h6>\n<p style=\"text-align: center;\"><strong>$250.000 CLP<\/strong><\/p>\n<p style=\"text-align: center;\"><strong>Inversi\u00f3n para el proceso de autoconocimiento y sanaci\u00f3n de dos jornadas.\u00a0 Incluye Taller de preparaci\u00f3n para las tomas, 2 tomas de Ayahuasca, sesiones de Integraci\u00f3n psicoterap\u00e9utica, comidas (merienda, desayuno, almuerzo) y estad\u00eda.<\/strong><\/p>\n<\/div><\/div><div class=\"w-separator size_small with_line width_30 thick_1 style_solid color_border align_center\"><div class=\"w-separator-h\"><\/div><\/div><div class=\"wpb_text_column us_custom_9ecf0bb9\"><div class=\"wpb_wrapper\"><p style=\"text-align: center;\">VALOR\u00a0 1 JORNADA DE RETIRO<\/p>\n<\/div><\/div><div class=\"wpb_text_column\"><div class=\"wpb_wrapper\"><p style=\"text-align: center;\">$150.000 CLP<\/p>\n<p>Cada Jornada es de un d\u00eda para el otro. Incluye preparaci\u00f3n para la toma, Toma de Ayahuasca, Sesi\u00f3n de Integraci\u00f3n psicoterap\u00e9utica, Comidas (merienda, desayuno, almuerzo) y estad\u00eda.<\/p>\n<\/div><\/div><div class=\"w-separator size_small with_line width_30 thick_1 style_solid color_border align_center\"><div class=\"w-separator-h\"><\/div><\/div><div class=\"wpb_text_column us_custom_9ecf0bb9\"><div class=\"wpb_wrapper\"><h6 style=\"text-align: center; margin-top: 5px; color: #5a3722; font-weight: 600; margin-bottom: 0.8em; font-size: 18px; text-transform: uppercase; letter-spacing: 0.5em; line-height: 1.4;\">VALORES SESIONES MEDICINAS COMPLEMENTARIAS<\/h6>\n<\/div><\/div><div class=\"wpb_text_column\"><div class=\"wpb_wrapper\"><h5 style=\"text-align: center; width: 100%; text-transform: uppercase; font-size: 22px; font-weight: 600; color: #5a3722;\"><strong>sesion con kambo o yopo<\/strong><\/h5>\n<p style=\"text-align: center;\">1 SESI\u00d3N $100.000 CLP<\/p>\n<h5 style=\"text-align: center; width: 100%; text-transform: uppercase; font-size: 22px; font-weight: 600; color: #5a3722;\"><strong>sesion con BUFO ALVARIUS<\/strong><\/h5>\n<p style=\"text-align: center;\">1 SESI\u00d3N $100.000 CLP<\/p>\n<p style=\"text-align: center;\">Cada sesi\u00f3n es independiente a las jornadas de Ayahuasca. Estas complementan el proceso de apertura y expansi\u00f3n del retiro que estas haciendo.<\/p>\n<\/div><\/div><div class=\"w-separator size_small with_line width_30 thick_1 style_solid color_border align_center\"><div class=\"w-separator-h\"><\/div><\/div><div class=\"wpb_text_column\"><div class=\"wpb_wrapper\"><h5 style=\"text-align: center; width: 100%; text-transform: uppercase; font-size: 22px; font-weight: 600; color: #5a3722;\"><strong>PROCEDIMIENTO PARA RESERVAR<\/strong><\/h5>\n<p style=\"text-align: center;\">Haz tu reserva con $50.000 pesos y el saldo lo pagas al momento del registro una vez llegues al Retiro.\u00a0 En caso que por una raz\u00f3n justificada no puede asistir, esta reserva tiene un plazo de 2 meses para hacerla efectiva para otro Retiro.<\/p>\n<p style=\"text-align: center;\">Para facilitar la reserva tenemos disponible la cuentas bancarias nacionales.<\/p>\n<p style=\"text-align: center;\">Si vienes desde el extranjero, tenemos disponible <strong>Paypal<\/strong> y <strong>WISE<\/strong> para que realices tu reserva y pagos.<\/p>\n<\/div><\/div><div class=\"w-separator size_small with_line width_30 thick_1 style_solid color_border align_center\"><div class=\"w-separator-h\"><\/div><\/div><div class=\"wpb_text_column us_custom_9ecf0bb9\"><div class=\"wpb_wrapper\"><h6 style=\"text-align: center; margin-top: 5px; color: #5a3722; font-weight: 600; margin-bottom: 0.8em; font-size: 18px; text-transform: uppercase; letter-spacing: 0.5em; line-height: 1.4;\">CUENTAS BANCARIAS<\/h6>\n<\/div><\/div><div class=\"wpb_text_column\"><div class=\"wpb_wrapper\"><p style=\"text-align: center;\"><strong>BANCO CONSORCIO<\/strong><br \/>\n<strong>CUENTA VISTA<\/strong><br \/>\n<strong>NRO 4010477757<\/strong><br \/>\n<strong>ORIANA SALAS AVILA<\/strong><br \/>\n<strong>RUT 7.779.676-2<\/strong><br \/>\n<strong>Email: retiros@organizacionentheos.com<\/strong><\/p>\n<p>&nbsp;<\/p>\n<p style=\"text-align: center;\"><b>BANCO ESTADO<\/b><\/p>\n<p style=\"text-align: center;\"><span style=\"font-family: arial, sans-serif;\"><b>ORGANIZACION ENTHEOS SPA<br \/>\n<\/b><\/span><b>CUENTA VISTA<\/b><br \/>\n<b>NRO DE CUENTA 37174395714<\/b><\/p>\n<p style=\"text-align: center;\"><strong>RUT\u00a076.447.391-4<\/strong><\/p>\n<p style=\"text-align: center;\"><strong>retiros@organizacionentheos.<wbr \/>com<\/strong><\/p>\n<\/div><\/div><div class=\"w-separator size_large\"><\/div><\/div><\/div><\/div><\/div><div class=\"g-cols wpb_row  type_default valign_top vc_inner\"><div class=\"vc_col-sm-12 wpb_column vc_column_container\"><div class=\"vc_column-inner\"><div class=\"wpb_wrapper\"><div class=\"wpb_text_column us_custom_9ecf0bb9\"><div class=\"wpb_wrapper\"><p><strong>Una vez hecha la transferencia, favor enviar el comprobante por whatsapp o mail (<a href=\"mailto:retiros@organizacionentheos.com\" target=\"_blank\" rel=\"noopener noreferrer\">retiros<\/a>@<a href=\"http:\/\/organizacionentheos.com\/\" target=\"_blank\" rel=\"noopener noreferrer\" data-saferedirecturl=\"https:\/\/www.google.com\/url?q=http:\/\/organizacionentheos.com\/&#038;source=gmail&#038;ust=1709849042697000&#038;usg=AOvVaw1K0eS_4voh79Zo5SFWw8Wh\">organizacionentheos.<wbr \/>com<\/a>) con los siguientes datos:<\/strong><\/p>\n<p><strong>Datos para el Registro:<\/strong><\/p>\n<p>NOMBRE:<\/p>\n<p>APELLIDO:<\/p>\n<p>EDAD:<\/p>\n<p>EMAIL:<\/p>\n<p>TELEFONO\/WHATS APP:<\/p>\n<p>ENFERMEDADES o MEDICACI\u00d3N:<\/p>\n<p>TIPO DE ALIMENTACI\u00d3N:<\/p>\n<p>ALERGIAS:<\/p>\n<p>DIA LLEGADA:<\/p>\n<p>DIA PARTIDA:<\/p>\n<p>SESIONES AYAHUASCA:<\/p>\n<p>SESIONES CON BUFO ALVARIUS:<\/p>\n<p>SESIONES CON KAMBO:<\/p>\n<p>MEDIO DE TRANSPORTE:<\/p>\n<p>HORA DE LLEGADA:<\/p>\n<p><strong>Una vez recibamos la reserva, se\u00a0env\u00eda\u00a0la confirmaci\u00f3n e informaci\u00f3n previa la Retiro (Ubicaci\u00f3n, planos, como llegar en auto y a pie, que comer antes, que no comer antes, que traer de ropa y cosas personales)<\/strong><\/p>\n<\/div><\/div><div class=\"w-separator size_small with_line width_30 thick_1 style_solid color_border align_center\"><div class=\"w-separator-h\"><\/div><\/div><\/div><\/div><\/div><\/div><\/div><\/div><\/div><div class=\"vc_col-sm-2 wpb_column vc_column_container\"><div class=\"vc_column-inner\"><div class=\"wpb_wrapper\"><\/div><\/div><\/div><\/div><\/div><\/section><section class=\"l-section wpb_row height_auto color_alternate with_overlay\"><div class=\"l-section-overlay\" style=\"background: #f2ebe4\"><\/div><div class=\"l-section-h i-cf\"><div class=\"g-cols vc_row type_default valign_top\"><div class=\"vc_col-sm-12 wpb_column vc_column_container\"><div class=\"vc_column-inner\"><div class=\"wpb_wrapper\"><div class=\"w-separator size_medium with_line width_screen thick_1 style_solid color_border align_center\"><div class=\"w-separator-h\"><\/div><\/div><\/div><\/div><\/div><\/div><\/div><\/section><section class=\"l-section wpb_row height_medium\"><div class=\"l-section-h i-cf\"><div class=\"g-cols vc_row type_default valign_top\"><div class=\"vc_col-sm-12 wpb_column vc_column_container\"><div class=\"vc_column-inner\"><div class=\"wpb_wrapper\"><div class=\"w-image align_center animate_fade\"><div class=\"w-image-h\"><img loading=\"lazy\" decoding=\"async\" width=\"1024\" height=\"576\" src=\"https:\/\/organizacionentheos.com\/wp-content\/uploads\/2023\/07\/358608396_734978591967032_4398008155621704250_n-1024x576.jpg\" class=\"attachment-large size-large\" alt=\"\" srcset=\"https:\/\/organizacionentheos.com\/wp-content\/uploads\/2023\/07\/358608396_734978591967032_4398008155621704250_n-1024x576.jpg 1024w, https:\/\/organizacionentheos.com\/wp-content\/uploads\/2023\/07\/358608396_734978591967032_4398008155621704250_n-300x169.jpg 300w, https:\/\/organizacionentheos.com\/wp-content\/uploads\/2023\/07\/358608396_734978591967032_4398008155621704250_n.jpg 1080w\" sizes=\"auto, (max-width: 1024px) 100vw, 1024px\" \/><\/div><\/div><\/div><\/div><\/div><\/div><\/div><\/section>\n","protected":false},"excerpt":{"rendered":"VALORES Facilitamos el tiempo y el espacio para que te encuentres a ti mismo Entheos\/PagesVALOR RETIRO $250.000 CLP Inversi\u00f3n para el proceso de autoconocimiento y sanaci\u00f3n de dos jornadas.\u00a0 Incluye Taller de preparaci\u00f3n para las tomas, 2 tomas de Ayahuasca, sesiones de Integraci\u00f3n psicoterap\u00e9utica, comidas (merienda, desayuno, almuerzo) y estad\u00eda. VALOR\u00a0 1 JORNADA DE RETIRO...","protected":false},"author":1,"featured_media":0,"parent":0,"menu_order":0,"comment_status":"closed","ping_status":"closed","template":"","meta":{"_acf_changed":false,"_joinchat":[],"footnotes":""},"class_list":["post-4276","page","type-page","status-publish","hentry"],"acf":[],"yoast_head":"<!-- This site is optimized with the Yoast SEO plugin v26.5 - https:\/\/yoast.com\/wordpress\/plugins\/seo\/ -->\n<title>VALORES<\/title>\n<meta name=\"description\" content=\"Facilitamos el tiempo y el espacio para que te encuentres a ti mismo\" \/>\n<meta name=\"robots\" content=\"index, follow, max-snippet:-1, max-image-preview:large, max-video-preview:-1\" \/>\n<link rel=\"canonical\" href=\"https:\/\/organizacionentheos.com\/en\/valores\/\" \/>\n<meta property=\"og:locale\" content=\"en_US\" \/>\n<meta property=\"og:locale:alternate\" content=\"es_ES\" \/>\n<meta property=\"og:type\" content=\"article\" \/>\n<meta property=\"og:title\" content=\"VALORES\" \/>\n<meta property=\"og:description\" content=\"Facilitamos el tiempo y el espacio para que te encuentres a ti mismo\" \/>\n<meta property=\"og:url\" content=\"https:\/\/organizacionentheos.com\/en\/valores\/\" \/>\n<meta property=\"og:site_name\" content=\"Organizaci\u00f3n Entheos\" \/>\n<meta property=\"article:publisher\" content=\"https:\/\/www.facebook.com\/organizacionentheos\/\" \/>\n<meta property=\"article:modified_time\" content=\"2025-08-28T21:25:23+00:00\" \/>\n<meta property=\"og:image\" content=\"https:\/\/organizacionentheos.com\/wp-content\/uploads\/2023\/07\/358608396_734978591967032_4398008155621704250_n.jpg\" \/>\n\t<meta property=\"og:image:width\" content=\"1080\" \/>\n\t<meta property=\"og:image:height\" content=\"608\" \/>\n\t<meta property=\"og:image:type\" content=\"image\/jpeg\" \/>\n<meta name=\"twitter:card\" content=\"summary_large_image\" \/>\n<meta name=\"twitter:label1\" content=\"Est. reading time\" \/>\n\t<meta name=\"twitter:data1\" content=\"2 minutes\" \/>\n<script type=\"application\/ld+json\" class=\"yoast-schema-graph\">{\"@context\":\"https:\/\/schema.org\",\"@graph\":[{\"@type\":\"WebPage\",\"@id\":\"https:\/\/organizacionentheos.com\/valores\/\",\"url\":\"https:\/\/organizacionentheos.com\/valores\/\",\"name\":\"VALORES\",\"isPartOf\":{\"@id\":\"https:\/\/organizacionentheos.com\/#website\"},\"datePublished\":\"2020-10-19T21:38:02+00:00\",\"dateModified\":\"2025-08-28T21:25:23+00:00\",\"description\":\"Facilitamos el tiempo y el espacio para que te encuentres a ti mismo\",\"breadcrumb\":{\"@id\":\"https:\/\/organizacionentheos.com\/valores\/#breadcrumb\"},\"inLanguage\":\"en-US\",\"potentialAction\":[{\"@type\":\"ReadAction\",\"target\":[\"https:\/\/organizacionentheos.com\/valores\/\"]}]},{\"@type\":\"BreadcrumbList\",\"@id\":\"https:\/\/organizacionentheos.com\/valores\/#breadcrumb\",\"itemListElement\":[{\"@type\":\"ListItem\",\"position\":1,\"name\":\"Portada\",\"item\":\"https:\/\/organizacionentheos.com\/\"},{\"@type\":\"ListItem\",\"position\":2,\"name\":\"VALORES\"}]},{\"@type\":\"WebSite\",\"@id\":\"https:\/\/organizacionentheos.com\/#website\",\"url\":\"https:\/\/organizacionentheos.com\/\",\"name\":\"Organizaci\u00f3n Entheos\",\"description\":\"Hecho con amor para grandes personas\",\"publisher\":{\"@id\":\"https:\/\/organizacionentheos.com\/#organization\"},\"potentialAction\":[{\"@type\":\"SearchAction\",\"target\":{\"@type\":\"EntryPoint\",\"urlTemplate\":\"https:\/\/organizacionentheos.com\/?s={search_term_string}\"},\"query-input\":{\"@type\":\"PropertyValueSpecification\",\"valueRequired\":true,\"valueName\":\"search_term_string\"}}],\"inLanguage\":\"en-US\"},{\"@type\":\"Organization\",\"@id\":\"https:\/\/organizacionentheos.com\/#organization\",\"name\":\"Organizaci\u00f3n Entheos\",\"url\":\"https:\/\/organizacionentheos.com\/\",\"logo\":{\"@type\":\"ImageObject\",\"inLanguage\":\"en-US\",\"@id\":\"https:\/\/organizacionentheos.com\/#\/schema\/logo\/image\/\",\"url\":\"https:\/\/organizacionentheos.com\/wp-content\/uploads\/2025\/11\/entheoslogo2025.jpg\",\"contentUrl\":\"https:\/\/organizacionentheos.com\/wp-content\/uploads\/2025\/11\/entheoslogo2025.jpg\",\"width\":1600,\"height\":901,\"caption\":\"Organizaci\u00f3n Entheos\"},\"image\":{\"@id\":\"https:\/\/organizacionentheos.com\/#\/schema\/logo\/image\/\"},\"sameAs\":[\"https:\/\/www.facebook.com\/organizacionentheos\/\",\"https:\/\/www.instagram.com\/entheos_org\",\"https:\/\/www.tiktok.com\/entheos_org\"]}]}<\/script>\n<!-- \/ Yoast SEO plugin. -->","yoast_head_json":{"title":"VALORES","description":"Facilitamos el tiempo y el espacio para que te encuentres a ti mismo","robots":{"index":"index","follow":"follow","max-snippet":"max-snippet:-1","max-image-preview":"max-image-preview:large","max-video-preview":"max-video-preview:-1"},"canonical":"https:\/\/organizacionentheos.com\/en\/valores\/","og_locale":"en_US","og_type":"article","og_title":"[:es]VALORES[:] - Organizaci\u00f3n Entheos","og_description":"Facilitamos el tiempo y el espacio para que te encuentres a ti mismo","og_url":"https:\/\/organizacionentheos.com\/en\/valores\/","og_site_name":"Organizaci\u00f3n Entheos","article_publisher":"https:\/\/www.facebook.com\/organizacionentheos\/","article_modified_time":"2025-08-28T21:25:23+00:00","og_image":[{"width":1080,"height":608,"url":"https:\/\/organizacionentheos.com\/wp-content\/uploads\/2023\/07\/358608396_734978591967032_4398008155621704250_n.jpg","type":"image\/jpeg"}],"twitter_card":"summary_large_image","twitter_misc":{"Est. reading time":"2 minutes"},"schema":{"@context":"https:\/\/schema.org","@graph":[{"@type":"WebPage","@id":"https:\/\/organizacionentheos.com\/valores\/","url":"https:\/\/organizacionentheos.com\/valores\/","name":"VALORES","isPartOf":{"@id":"https:\/\/organizacionentheos.com\/#website"},"datePublished":"2020-10-19T21:38:02+00:00","dateModified":"2025-08-28T21:25:23+00:00","description":"Facilitamos el tiempo y el espacio para que te encuentres a ti mismo","breadcrumb":{"@id":"https:\/\/organizacionentheos.com\/valores\/#breadcrumb"},"inLanguage":"en-US","potentialAction":[{"@type":"ReadAction","target":["https:\/\/organizacionentheos.com\/valores\/"]}]},{"@type":"BreadcrumbList","@id":"https:\/\/organizacionentheos.com\/valores\/#breadcrumb","itemListElement":[{"@type":"ListItem","position":1,"name":"Portada","item":"https:\/\/organizacionentheos.com\/"},{"@type":"ListItem","position":2,"name":"VALORES"}]},{"@type":"WebSite","@id":"https:\/\/organizacionentheos.com\/#website","url":"https:\/\/organizacionentheos.com\/","name":"Organizaci\u00f3n Entheos","description":"Hecho con amor para grandes personas","publisher":{"@id":"https:\/\/organizacionentheos.com\/#organization"},"potentialAction":[{"@type":"SearchAction","target":{"@type":"EntryPoint","urlTemplate":"https:\/\/organizacionentheos.com\/?s={search_term_string}"},"query-input":{"@type":"PropertyValueSpecification","valueRequired":true,"valueName":"search_term_string"}}],"inLanguage":"en-US"},{"@type":"Organization","@id":"https:\/\/organizacionentheos.com\/#organization","name":"Organizaci\u00f3n Entheos","url":"https:\/\/organizacionentheos.com\/","logo":{"@type":"ImageObject","inLanguage":"en-US","@id":"https:\/\/organizacionentheos.com\/#\/schema\/logo\/image\/","url":"https:\/\/organizacionentheos.com\/wp-content\/uploads\/2025\/11\/entheoslogo2025.jpg","contentUrl":"https:\/\/organizacionentheos.com\/wp-content\/uploads\/2025\/11\/entheoslogo2025.jpg","width":1600,"height":901,"caption":"Organizaci\u00f3n Entheos"},"image":{"@id":"https:\/\/organizacionentheos.com\/#\/schema\/logo\/image\/"},"sameAs":["https:\/\/www.facebook.com\/organizacionentheos\/","https:\/\/www.instagram.com\/entheos_org","https:\/\/www.tiktok.com\/entheos_org"]}]}},"_links":{"self":[{"href":"https:\/\/organizacionentheos.com\/en\/wp-json\/wp\/v2\/pages\/4276","targetHints":{"allow":["GET"]}}],"collection":[{"href":"https:\/\/organizacionentheos.com\/en\/wp-json\/wp\/v2\/pages"}],"about":[{"href":"https:\/\/organizacionentheos.com\/en\/wp-json\/wp\/v2\/types\/page"}],"author":[{"embeddable":true,"href":"https:\/\/organizacionentheos.com\/en\/wp-json\/wp\/v2\/users\/1"}],"replies":[{"embeddable":true,"href":"https:\/\/organizacionentheos.com\/en\/wp-json\/wp\/v2\/comments?post=4276"}],"version-history":[{"count":26,"href":"https:\/\/organizacionentheos.com\/en\/wp-json\/wp\/v2\/pages\/4276\/revisions"}],"predecessor-version":[{"id":4545,"href":"https:\/\/organizacionentheos.com\/en\/wp-json\/wp\/v2\/pages\/4276\/revisions\/4545"}],"wp:attachment":[{"href":"https:\/\/organizacionentheos.com\/en\/wp-json\/wp\/v2\/media?parent=4276"}],"curies":[{"name":"wp","href":"https:\/\/api.w.org\/{rel}","templated":true}]}}