{"id":3769,"date":"2020-03-06T15:30:41","date_gmt":"2020-03-06T15:30:41","guid":{"rendered":"http:\/\/nuevo.lumendigital.cl\/?page_id=3769"},"modified":"2022-01-04T01:20:36","modified_gmt":"2022-01-04T01:20:36","slug":"jorge","status":"publish","type":"page","link":"https:\/\/organizacionentheos.com\/en\/equipo\/jorge\/","title":{"rendered":"Jorge"},"content":{"rendered":"<section class=\"l-section wpb_row us_custom_a7aad6fd height_auto color_primary with_img parallax_ver parallaxdir_reversed with_overlay\"><div class=\"l-section-img\" style=\"background-image: url(https:\/\/organizacionentheos.com\/wp-content\/uploads\/2020\/08\/equipoazulcorta-scaled.jpg);\" data-img-width=\"2560\" data-img-height=\"1080\"><\/div><div class=\"l-section-overlay\" style=\"background: rgba(0,0,0,0.5)\"><\/div><div class=\"l-section-h i-cf\"><div class=\"g-cols vc_row type_default valign_top\"><div class=\"vc_col-sm-8 wpb_column vc_column_container\"><div class=\"vc_column-inner\"><div class=\"wpb_wrapper\"><div class=\"w-separator size_huge\"><\/div><div class=\"wpb_text_column us_custom_93dcf93c\"><div class=\"wpb_wrapper\"><h2 style=\"font-size: 30px; letter-spacing: 10px; font-weight: 400; line-height: 1,8; text-align: left; opacity: .9; font-family: Dosis, arial, sans-serif; margin: 0.67em 0;\">ENTHEOS EQUIPO<\/h2>\n<p style=\"font-size: 14px; letter-spacing: 4px; font-weight: 400; line-height: 140%; text-align: left; font-family: Dosis, arial, sans-serif; color: rgba(255,255,255, .85); text-transform: none;\"><em>S\u00f3lo puedo acompa\u00f1arte a conocerte; y s\u00f3lo en la medida en que me voy conociendo a mi mismo<\/em><\/p>\n<\/div><\/div><div class=\"w-separator size_huge\"><\/div><\/div><\/div><\/div><div class=\"vc_col-sm-4 wpb_column vc_column_container\"><div class=\"vc_column-inner\"><div class=\"wpb_wrapper\"><div class=\"w-separator size_huge\"><\/div><ol class=\"g-breadcrumbs us_custom_12deb89f separator_custom align_right\" itemscope itemtype=\"http:\/\/schema.org\/BreadcrumbList\"><li class=\"g-breadcrumbs-item\" itemprop=\"itemListElement\" itemscope itemtype=\"http:\/\/schema.org\/ListItem\"><a itemprop=\"item\" href=\"https:\/\/organizacionentheos.com\/en\/\"><span itemprop=\"name\">Entheos<\/span><\/a><meta itemprop=\"position\" content=\"1\"\/><\/li><li class=\"g-breadcrumbs-separator\">\/<\/li><li class=\"g-breadcrumbs-item\">Pages<\/li><\/ol><\/div><\/div><\/div><\/div><\/div><\/section><section class=\"l-section wpb_row height_auto color_alternate\"><div class=\"l-section-h i-cf\"><div class=\"g-cols vc_row type_default valign_top\"><div class=\"vc_col-sm-12 wpb_column vc_column_container\"><div class=\"vc_column-inner\"><div class=\"wpb_wrapper\"><div class=\"w-separator size_medium\"><\/div><div class=\"g-cols wpb_row  type_default valign_top vc_inner\"><div class=\"vc_col-sm-2 wpb_column vc_column_container\"><div class=\"vc_column-inner\"><div class=\"wpb_wrapper\"><\/div><\/div><\/div><div class=\"vc_col-sm-8 wpb_column vc_column_container\"><div class=\"vc_column-inner\"><div class=\"wpb_wrapper\"><div class=\"wpb_text_column\"><div class=\"wpb_wrapper\"><h2 style=\"text-align: center;\">JORGE<\/h2>\n<\/div><\/div><div class=\"w-separator size_small\"><\/div><div class=\"w-image align_center\"><div class=\"w-image-h\"><img loading=\"lazy\" decoding=\"async\" width=\"370\" height=\"450\" src=\"https:\/\/organizacionentheos.com\/wp-content\/uploads\/2020\/03\/team-4.jpg\" class=\"attachment-full size-full\" alt=\"\" srcset=\"https:\/\/organizacionentheos.com\/wp-content\/uploads\/2020\/03\/team-4.jpg 370w, https:\/\/organizacionentheos.com\/wp-content\/uploads\/2020\/03\/team-4-247x300.jpg 247w\" sizes=\"auto, (max-width: 370px) 100vw, 370px\" \/><\/div><\/div><div class=\"w-separator size_small\"><\/div><div class=\"wpb_text_column\"><div class=\"wpb_wrapper\"><div class=\"col-md-12 col-sm-12 mb-sm-50 mb-xs-30\"><strong><span class=\"bold centered\">Jorge<\/span><\/strong><\/div>\n<div class=\"col-md-12 col-sm-12 mb-sm-50 mb-xs-30\">\n<p>Siempre me han fascinado los misterios de la vida, el mundo y su gente. Desde muy joven me interesaron las civilizaciones antiguas y sus culturas, as\u00ed que cuando comenc\u00e9 a aprender sobre plantas y otras medicinas naturales, pr\u00e1cticas y sus propiedades esclarecedoras, me convert\u00ed en un curioso explorador en este viaje interior. Me ha tra\u00eddo algunas ideas incre\u00edbles.<\/p>\n<p>A trav\u00e9s de muchas ceremonias tanto en Europa como en Sudam\u00e9rica, he llegado a apreciar y respetar realmente el proceso que es personal y \u00fanico para todos. Doy la bienvenida y honro la oportunidad de apoyar a quienes vienen y comparten su viaje.<\/p>\n<\/div>\n<\/div><\/div><\/div><\/div><\/div><div class=\"vc_col-sm-2 wpb_column vc_column_container\"><div class=\"vc_column-inner\"><div class=\"wpb_wrapper\"><\/div><\/div><\/div><\/div><div class=\"w-separator size_medium\"><\/div><div class=\"g-cols wpb_row  type_default valign_top vc_inner\"><div class=\"vc_col-sm-2 wpb_column vc_column_container has-fill\"><div class=\"vc_column-inner us_custom_c55d0194 \"><div class=\"wpb_wrapper\"><div class=\"w-person layout_simple\" itemscope itemtype=\"https:\/\/schema.org\/Person\"><div class=\"w-person-image\"><a class=\"w-person-link\" href=\"http:\/\/www.organizacionentheos.com\/equipo\/sofia\/\"><img loading=\"lazy\" decoding=\"async\" width=\"150\" height=\"150\" src=\"https:\/\/organizacionentheos.com\/wp-content\/uploads\/2020\/03\/team-1-150x150.jpg\" class=\"attachment-thumbnail size-thumbnail\" alt=\"\" \/><div class=\"img_hover\" style=\"background-image:url(https:\/\/organizacionentheos.com\/wp-content\/uploads\/2020\/03\/team-1b-150x150.jpg)\"><\/div><\/a><\/div><div class=\"w-person-content\"><\/div><\/div><div class=\"wpb_text_column\"><div class=\"wpb_wrapper\"><p style=\"text-align: center;\">SOFIA<\/p>\n<\/div><\/div><\/div><\/div><\/div><div class=\"vc_col-sm-2 wpb_column vc_column_container has-fill\"><div class=\"vc_column-inner us_custom_c55d0194 \"><div class=\"wpb_wrapper\"><div class=\"w-person layout_simple\" itemscope itemtype=\"https:\/\/schema.org\/Person\"><div class=\"w-person-image\"><a class=\"w-person-link\" href=\"http:\/\/www.organizacionentheos.com\/equipo\/oriana\/\"><img loading=\"lazy\" decoding=\"async\" width=\"150\" height=\"150\" src=\"https:\/\/organizacionentheos.com\/wp-content\/uploads\/2020\/03\/team-2-150x150.jpg\" class=\"attachment-thumbnail size-thumbnail\" alt=\"\" \/><div class=\"img_hover\" style=\"background-image:url(https:\/\/organizacionentheos.com\/wp-content\/uploads\/2020\/03\/team-2b-150x150.jpg)\"><\/div><\/a><\/div><div class=\"w-person-content\"><\/div><\/div><div class=\"wpb_text_column\"><div class=\"wpb_wrapper\"><p style=\"text-align: center;\">ORIANA<\/p>\n<\/div><\/div><\/div><\/div><\/div><div class=\"vc_col-sm-2 wpb_column vc_column_container has-fill\"><div class=\"vc_column-inner us_custom_c55d0194 \"><div class=\"wpb_wrapper\"><div class=\"w-person layout_simple\" itemscope itemtype=\"https:\/\/schema.org\/Person\"><div class=\"w-person-image\"><a class=\"w-person-link\" href=\"http:\/\/www.organizacionentheos.com\/equipo\/lissette\/\" title=\"Lissette\"><img loading=\"lazy\" decoding=\"async\" width=\"150\" height=\"150\" src=\"https:\/\/organizacionentheos.com\/wp-content\/uploads\/2020\/08\/FB_IMG_1598558101190-e1598564841638-150x150.jpg\" class=\"attachment-thumbnail size-thumbnail\" alt=\"\" \/><\/a><\/div><div class=\"w-person-content\"><\/div><\/div><div class=\"wpb_text_column\"><div class=\"wpb_wrapper\"><p style=\"text-align: center;\">LISSETTE.<\/p>\n<\/div><\/div><\/div><\/div><\/div><div class=\"vc_col-sm-2 wpb_column vc_column_container has-fill\"><div class=\"vc_column-inner us_custom_c55d0194 \"><div class=\"wpb_wrapper\"><div class=\"w-person layout_simple\" itemscope itemtype=\"https:\/\/schema.org\/Person\"><div class=\"w-person-image\"><a class=\"w-person-link\" href=\"http:\/\/www.organizacionentheos.com\/equipo\/jorge\/\"><img loading=\"lazy\" decoding=\"async\" width=\"150\" height=\"150\" src=\"https:\/\/organizacionentheos.com\/wp-content\/uploads\/2020\/03\/team-4-150x150.jpg\" class=\"attachment-thumbnail size-thumbnail\" alt=\"\" \/><div class=\"img_hover\" style=\"background-image:url(https:\/\/organizacionentheos.com\/wp-content\/uploads\/2020\/03\/team-4b-150x150.jpg)\"><\/div><\/a><\/div><div class=\"w-person-content\"><\/div><\/div><div class=\"wpb_text_column\"><div class=\"wpb_wrapper\"><p style=\"text-align: center;\">JORGE<\/p>\n<\/div><\/div><\/div><\/div><\/div><div class=\"vc_col-sm-2 wpb_column vc_column_container has-fill\"><div class=\"vc_column-inner us_custom_c55d0194 \"><div class=\"wpb_wrapper\"><div class=\"w-person layout_simple\" itemscope itemtype=\"https:\/\/schema.org\/Person\"><div class=\"w-person-image\"><a class=\"w-person-link\" href=\"http:\/\/www.organizacionentheos.com\/equipo\/joy\/\"><img loading=\"lazy\" decoding=\"async\" width=\"150\" height=\"150\" src=\"https:\/\/organizacionentheos.com\/wp-content\/uploads\/2020\/03\/team-5-150x150.jpg\" class=\"attachment-thumbnail size-thumbnail\" alt=\"\" \/><div class=\"img_hover\" style=\"background-image:url(https:\/\/organizacionentheos.com\/wp-content\/uploads\/2020\/03\/team-5b-150x150.jpg)\"><\/div><\/a><\/div><div class=\"w-person-content\"><\/div><\/div><div class=\"wpb_text_column\"><div class=\"wpb_wrapper\"><p style=\"text-align: center;\">JOY<\/p>\n<\/div><\/div><\/div><\/div><\/div><div class=\"vc_col-sm-2 wpb_column vc_column_container has-fill\"><div class=\"vc_column-inner us_custom_4fb9e5a3 \"><div class=\"wpb_wrapper\"><div class=\"w-person layout_simple\" itemscope itemtype=\"https:\/\/schema.org\/Person\"><div class=\"w-person-image\"><a class=\"w-person-link\" href=\"http:\/\/www.organizacionentheos.com\/equipo\/bufo-penny\/\"><img loading=\"lazy\" decoding=\"async\" width=\"150\" height=\"150\" src=\"https:\/\/organizacionentheos.com\/wp-content\/uploads\/2022\/01\/mauricio-e1653621102355-150x150.jpeg\" class=\"attachment-thumbnail size-thumbnail\" alt=\"\" \/><\/a><\/div><div class=\"w-person-content\"><\/div><\/div><div class=\"wpb_text_column\"><div class=\"wpb_wrapper\"><p style=\"text-align: center;\">MAURICIO<\/p>\n<\/div><\/div><\/div><\/div><\/div><\/div><div class=\"w-separator size_medium with_line width_screen thick_1 style_solid color_border align_center\"><div class=\"w-separator-h\"><\/div><\/div><\/div><\/div><\/div><\/div><\/div><\/section>\n","protected":false},"excerpt":{"rendered":"ENTHEOS EQUIPO S\u00f3lo puedo acompa\u00f1arte a conocerte; y s\u00f3lo en la medida en que me voy conociendo a mi mismo Entheos\/PagesJORGE Jorge Siempre me han fascinado los misterios de la vida, el mundo y su gente. Desde muy joven me interesaron las civilizaciones antiguas y sus culturas, as\u00ed que cuando comenc\u00e9 a aprender sobre plantas...","protected":false},"author":1,"featured_media":0,"parent":3594,"menu_order":0,"comment_status":"closed","ping_status":"closed","template":"","meta":{"_acf_changed":false,"_joinchat":[],"footnotes":""},"class_list":["post-3769","page","type-page","status-publish","hentry"],"acf":[],"yoast_head":"<!-- This site is optimized with the Yoast SEO plugin v26.5 - https:\/\/yoast.com\/wordpress\/plugins\/seo\/ -->\n<title>Jorge - Organizaci\u00f3n Entheos<\/title>\n<meta name=\"robots\" content=\"index, follow, max-snippet:-1, max-image-preview:large, max-video-preview:-1\" \/>\n<link rel=\"canonical\" href=\"https:\/\/organizacionentheos.com\/en\/equipo\/jorge\/\" \/>\n<meta property=\"og:locale\" content=\"en_US\" \/>\n<meta property=\"og:locale:alternate\" content=\"es_ES\" \/>\n<meta property=\"og:type\" content=\"article\" \/>\n<meta property=\"og:title\" content=\"Jorge - Organizaci\u00f3n Entheos\" \/>\n<meta property=\"og:url\" content=\"https:\/\/organizacionentheos.com\/en\/equipo\/jorge\/\" \/>\n<meta property=\"og:site_name\" content=\"Organizaci\u00f3n Entheos\" \/>\n<meta property=\"article:publisher\" content=\"https:\/\/www.facebook.com\/organizacionentheos\/\" \/>\n<meta property=\"article:modified_time\" content=\"2022-01-04T01:20:36+00:00\" \/>\n<meta name=\"twitter:card\" content=\"summary_large_image\" \/>\n<meta name=\"twitter:label1\" content=\"Est. reading time\" \/>\n\t<meta name=\"twitter:data1\" content=\"4 minutes\" \/>\n<script type=\"application\/ld+json\" class=\"yoast-schema-graph\">{\"@context\":\"https:\/\/schema.org\",\"@graph\":[{\"@type\":\"WebPage\",\"@id\":\"https:\/\/organizacionentheos.com\/equipo\/jorge\/\",\"url\":\"https:\/\/organizacionentheos.com\/equipo\/jorge\/\",\"name\":\"Jorge - Organizaci\u00f3n Entheos\",\"isPartOf\":{\"@id\":\"https:\/\/organizacionentheos.com\/#website\"},\"datePublished\":\"2020-03-06T15:30:41+00:00\",\"dateModified\":\"2022-01-04T01:20:36+00:00\",\"breadcrumb\":{\"@id\":\"https:\/\/organizacionentheos.com\/equipo\/jorge\/#breadcrumb\"},\"inLanguage\":\"en-US\",\"potentialAction\":[{\"@type\":\"ReadAction\",\"target\":[\"https:\/\/organizacionentheos.com\/equipo\/jorge\/\"]}]},{\"@type\":\"BreadcrumbList\",\"@id\":\"https:\/\/organizacionentheos.com\/equipo\/jorge\/#breadcrumb\",\"itemListElement\":[{\"@type\":\"ListItem\",\"position\":1,\"name\":\"Portada\",\"item\":\"https:\/\/organizacionentheos.com\/\"},{\"@type\":\"ListItem\",\"position\":2,\"name\":\"Equipo\",\"item\":\"https:\/\/organizacionentheos.com\/equipo\/\"},{\"@type\":\"ListItem\",\"position\":3,\"name\":\"Jorge\"}]},{\"@type\":\"WebSite\",\"@id\":\"https:\/\/organizacionentheos.com\/#website\",\"url\":\"https:\/\/organizacionentheos.com\/\",\"name\":\"Organizaci\u00f3n Entheos\",\"description\":\"Hecho con amor para grandes personas\",\"publisher\":{\"@id\":\"https:\/\/organizacionentheos.com\/#organization\"},\"potentialAction\":[{\"@type\":\"SearchAction\",\"target\":{\"@type\":\"EntryPoint\",\"urlTemplate\":\"https:\/\/organizacionentheos.com\/?s={search_term_string}\"},\"query-input\":{\"@type\":\"PropertyValueSpecification\",\"valueRequired\":true,\"valueName\":\"search_term_string\"}}],\"inLanguage\":\"en-US\"},{\"@type\":\"Organization\",\"@id\":\"https:\/\/organizacionentheos.com\/#organization\",\"name\":\"Organizaci\u00f3n Entheos\",\"url\":\"https:\/\/organizacionentheos.com\/\",\"logo\":{\"@type\":\"ImageObject\",\"inLanguage\":\"en-US\",\"@id\":\"https:\/\/organizacionentheos.com\/#\/schema\/logo\/image\/\",\"url\":\"https:\/\/organizacionentheos.com\/wp-content\/uploads\/2025\/11\/entheoslogo2025.jpg\",\"contentUrl\":\"https:\/\/organizacionentheos.com\/wp-content\/uploads\/2025\/11\/entheoslogo2025.jpg\",\"width\":1600,\"height\":901,\"caption\":\"Organizaci\u00f3n Entheos\"},\"image\":{\"@id\":\"https:\/\/organizacionentheos.com\/#\/schema\/logo\/image\/\"},\"sameAs\":[\"https:\/\/www.facebook.com\/organizacionentheos\/\",\"https:\/\/www.instagram.com\/entheos_org\",\"https:\/\/www.tiktok.com\/entheos_org\"]}]}<\/script>\n<!-- \/ Yoast SEO plugin. -->","yoast_head_json":{"title":"Jorge - Organizaci\u00f3n Entheos","robots":{"index":"index","follow":"follow","max-snippet":"max-snippet:-1","max-image-preview":"max-image-preview:large","max-video-preview":"max-video-preview:-1"},"canonical":"https:\/\/organizacionentheos.com\/en\/equipo\/jorge\/","og_locale":"en_US","og_type":"article","og_title":"Jorge - Organizaci\u00f3n Entheos","og_url":"https:\/\/organizacionentheos.com\/en\/equipo\/jorge\/","og_site_name":"Organizaci\u00f3n Entheos","article_publisher":"https:\/\/www.facebook.com\/organizacionentheos\/","article_modified_time":"2022-01-04T01:20:36+00:00","twitter_card":"summary_large_image","twitter_misc":{"Est. reading time":"4 minutes"},"schema":{"@context":"https:\/\/schema.org","@graph":[{"@type":"WebPage","@id":"https:\/\/organizacionentheos.com\/equipo\/jorge\/","url":"https:\/\/organizacionentheos.com\/equipo\/jorge\/","name":"Jorge - Organizaci\u00f3n Entheos","isPartOf":{"@id":"https:\/\/organizacionentheos.com\/#website"},"datePublished":"2020-03-06T15:30:41+00:00","dateModified":"2022-01-04T01:20:36+00:00","breadcrumb":{"@id":"https:\/\/organizacionentheos.com\/equipo\/jorge\/#breadcrumb"},"inLanguage":"en-US","potentialAction":[{"@type":"ReadAction","target":["https:\/\/organizacionentheos.com\/equipo\/jorge\/"]}]},{"@type":"BreadcrumbList","@id":"https:\/\/organizacionentheos.com\/equipo\/jorge\/#breadcrumb","itemListElement":[{"@type":"ListItem","position":1,"name":"Portada","item":"https:\/\/organizacionentheos.com\/"},{"@type":"ListItem","position":2,"name":"Equipo","item":"https:\/\/organizacionentheos.com\/equipo\/"},{"@type":"ListItem","position":3,"name":"Jorge"}]},{"@type":"WebSite","@id":"https:\/\/organizacionentheos.com\/#website","url":"https:\/\/organizacionentheos.com\/","name":"Organizaci\u00f3n Entheos","description":"Hecho con amor para grandes personas","publisher":{"@id":"https:\/\/organizacionentheos.com\/#organization"},"potentialAction":[{"@type":"SearchAction","target":{"@type":"EntryPoint","urlTemplate":"https:\/\/organizacionentheos.com\/?s={search_term_string}"},"query-input":{"@type":"PropertyValueSpecification","valueRequired":true,"valueName":"search_term_string"}}],"inLanguage":"en-US"},{"@type":"Organization","@id":"https:\/\/organizacionentheos.com\/#organization","name":"Organizaci\u00f3n Entheos","url":"https:\/\/organizacionentheos.com\/","logo":{"@type":"ImageObject","inLanguage":"en-US","@id":"https:\/\/organizacionentheos.com\/#\/schema\/logo\/image\/","url":"https:\/\/organizacionentheos.com\/wp-content\/uploads\/2025\/11\/entheoslogo2025.jpg","contentUrl":"https:\/\/organizacionentheos.com\/wp-content\/uploads\/2025\/11\/entheoslogo2025.jpg","width":1600,"height":901,"caption":"Organizaci\u00f3n Entheos"},"image":{"@id":"https:\/\/organizacionentheos.com\/#\/schema\/logo\/image\/"},"sameAs":["https:\/\/www.facebook.com\/organizacionentheos\/","https:\/\/www.instagram.com\/entheos_org","https:\/\/www.tiktok.com\/entheos_org"]}]}},"_links":{"self":[{"href":"https:\/\/organizacionentheos.com\/en\/wp-json\/wp\/v2\/pages\/3769","targetHints":{"allow":["GET"]}}],"collection":[{"href":"https:\/\/organizacionentheos.com\/en\/wp-json\/wp\/v2\/pages"}],"about":[{"href":"https:\/\/organizacionentheos.com\/en\/wp-json\/wp\/v2\/types\/page"}],"author":[{"embeddable":true,"href":"https:\/\/organizacionentheos.com\/en\/wp-json\/wp\/v2\/users\/1"}],"replies":[{"embeddable":true,"href":"https:\/\/organizacionentheos.com\/en\/wp-json\/wp\/v2\/comments?post=3769"}],"version-history":[{"count":10,"href":"https:\/\/organizacionentheos.com\/en\/wp-json\/wp\/v2\/pages\/3769\/revisions"}],"predecessor-version":[{"id":4322,"href":"https:\/\/organizacionentheos.com\/en\/wp-json\/wp\/v2\/pages\/3769\/revisions\/4322"}],"up":[{"embeddable":true,"href":"https:\/\/organizacionentheos.com\/en\/wp-json\/wp\/v2\/pages\/3594"}],"wp:attachment":[{"href":"https:\/\/organizacionentheos.com\/en\/wp-json\/wp\/v2\/media?parent=3769"}],"curies":[{"name":"wp","href":"https:\/\/api.w.org\/{rel}","templated":true}]}}