{"id":3696,"date":"2020-03-05T14:34:12","date_gmt":"2020-03-05T14:34:12","guid":{"rendered":"http:\/\/nuevo.lumendigital.cl\/?page_id=3696"},"modified":"2020-09-01T17:37:58","modified_gmt":"2020-09-01T17:37:58","slug":"entrada1","status":"publish","type":"page","link":"https:\/\/organizacionentheos.com\/en\/entrada1\/","title":{"rendered":"entrada1"},"content":{"rendered":"<section class=\"l-section wpb_row us_custom_a7aad6fd height_full valign_center color_primary with_img parallax_ver parallaxdir_reversed with_overlay\"><div class=\"l-section-img\" style=\"background-image: url(https:\/\/organizacionentheos.com\/wp-content\/uploads\/2020\/03\/section-bg-4b.jpg);\" data-img-width=\"1920\" data-img-height=\"1080\"><\/div><div class=\"l-section-overlay\" style=\"background: rgba(0,0,0,0.5)\"><\/div><div class=\"l-section-h i-cf\"><div class=\"g-cols vc_row type_default valign_top\"><div class=\"vc_col-sm-12 wpb_column vc_column_container\"><div class=\"vc_column-inner\"><div class=\"wpb_wrapper\"><div class=\"wpb_text_column us_custom_93dcf93c\"><div class=\"wpb_wrapper\"><h2 style=\"font-size: 20px; letter-spacing: 8px; font-weight: normal; line-height: 140%; text-align: left;\">INVESTIGACI\u00d3N<\/h2>\n<p style=\"font-size: 20px; letter-spacing: 8px; font-weight: normal; line-height: 140%; text-align: left;\"><em>El punto de encuentro de la ciencia, la espiritualidad y el misticismo<\/em><\/p>\n<\/div><\/div><\/div><\/div><\/div><\/div><\/div><\/section><section class=\"l-section wpb_row height_medium color_alternate\"><div class=\"l-section-h i-cf\"><div class=\"g-cols vc_row type_default valign_top\"><div class=\"vc_col-sm-12 wpb_column vc_column_container\"><div class=\"vc_column-inner\"><div class=\"wpb_wrapper\"><div class=\"g-cols wpb_row  type_default valign_top vc_inner\"><div class=\"vc_col-sm-10 wpb_column vc_column_container\"><div class=\"vc_column-inner\"><div class=\"wpb_wrapper\"><div class=\"wpb_text_column\"><div class=\"wpb_wrapper\"><h3 class=\"mt-0 font-alt\">\u00bfQU\u00c9 ES ENTHEOS?<\/h3>\n<div class=\"lead\">\n<h5>Del griego \u1f14\u03bd\u03b8\u03b5\u03bf\u03c2, Dios o divinidad interna,\u00a0<strong><span class=\"bold\">Entheos<\/span><\/strong>\u00a0es un movimiento de consciencia basado en la naturaleza expansiva y evolutiva del ser humano a trav\u00e9s del autoconocimiento individual y colectivo de todas las dimensiones del ser. El movimiento busca llevar consciencia a todos los \u00e1mbitos de la existencia humana, as\u00ed como planetaria, para que en el simple acto de conocernos a nosotros mismos tengamos la experiencia de comprendernos, amarnos y estar presentes.<\/h5>\n<\/div>\n<div class=\"blog-media mt-40 mb-40 mb-xs-30\">\n<div class=\"owl-wrapper-outer autoHeight\">\n<div class=\"owl-wrapper\">\n<div class=\"owl-item\"><\/div>\n<\/div>\n<\/div>\n<\/div>\n<\/div><\/div><div class=\"w-separator size_small\"><\/div><div class=\"w-slider style_none fit_scaledown\"><div class=\"w-slider-h\"><div class=\"royalSlider\"><div class=\"rsContent\"><a class=\"rsImg\" data-rsw=\"1024\" data-rsh=\"577\" href=\"https:\/\/organizacionentheos.com\/wp-content\/uploads\/2020\/03\/full-project-1-1024x577.jpg\"><span data-alt=\"\"><\/span><\/a><\/div><div class=\"rsContent\"><a class=\"rsImg\" data-rsw=\"1024\" data-rsh=\"577\" href=\"https:\/\/organizacionentheos.com\/wp-content\/uploads\/2020\/03\/full-project-2-1024x577.jpg\"><span data-alt=\"\"><\/span><\/a><\/div><div class=\"rsContent\"><a class=\"rsImg\" data-rsw=\"1024\" data-rsh=\"577\" href=\"https:\/\/organizacionentheos.com\/wp-content\/uploads\/2020\/03\/full-project-3-1024x577.jpg\"><span data-alt=\"\"><\/span><\/a><\/div><\/div><img decoding=\"async\" src=\"https:\/\/organizacionentheos.com\/wp-content\/uploads\/2020\/03\/full-project-1-1024x577.jpg\" alt=\"\"><\/div><div class=\"w-slider-json\" onclick='return {&quot;loop&quot;:true,&quot;fadeInLoadedSlide&quot;:false,&quot;slidesSpacing&quot;:0,&quot;imageScalePadding&quot;:0,&quot;numImagesToPreload&quot;:2,&quot;arrowsNav&quot;:true,&quot;arrowsNavAutoHide&quot;:false,&quot;transitionType&quot;:&quot;move&quot;,&quot;transitionSpeed&quot;:300,&quot;block&quot;:{&quot;moveEffect&quot;:&quot;none&quot;,&quot;speed&quot;:300},&quot;controlNavigation&quot;:&quot;none&quot;,&quot;imageScaleMode&quot;:&quot;fit-if-smaller&quot;,&quot;autoScaleSlider&quot;:true,&quot;autoScaleSliderWidth&quot;:1024,&quot;autoScaleSliderHeight&quot;:577,&quot;fitInViewport&quot;:false}'><\/div><\/div><div class=\"w-separator size_small\"><\/div><div class=\"wpb_text_column\"><div class=\"wpb_wrapper\"><p>Nuestra base fundacional es el libre albedr\u00edo de cada ser, la capacidad de elegir libremente sin condiciones; y la energ\u00eda del entusiasmo (de la ra\u00edz griega \u1f14\u03bd\u03b8\u03b5\u03bf\u03c2 Entheos) la cualidad de llevar a la acci\u00f3n la divinidad interna, es decir nuestra real potencialidad.<\/p>\n<p>A trav\u00e9s de nuestro propio entendimiento individual y colectivo derribamos antiguas creencias limitantes y construimos nuevos y revolucionarios paradigmas, que ser\u00e1n parte de las nuevas conexiones a nivel personal, local y global en funci\u00f3n de nuestra naturaleza evolutiva.<\/p>\n<p>Partimos de la base de que como humanos somos una manifestaci\u00f3n energ\u00e9tica, f\u00edsica, biol\u00f3gica y espiritual de la misma energ\u00eda creadora del universo. Somos fractales (fracciones del todo) de Dios, de la consciencia universal y en nuestro interior contenemos el universo en s\u00ed. Comprendemos que cada parte es la manifestaci\u00f3n \u00fanica e incomparable de la singularidad del universo. El ser humano en su capacidad de ser consciente de s\u00ed mismo, puede acceder a este universo interior el cual contiene el todo.<\/p>\n<p>Distintos, infinitos y variados son los caminos que nos llevan al centro de nuestro universo interior, y es la capacidad de expandir nuestra consciencia, tomar distancia de nosotros mismos y observarnos sin juicios ni polaridades, el denominador com\u00fan de estos caminos. El gran paso siguiente es la apertura y la expansi\u00f3n del coraz\u00f3n, el sentir, en su infinita capacidad de amar desde la incondicionalidad.<\/p>\n<p>Reconociendo lo que est\u00e1, lo que llevo y de d\u00f3nde viene, su ra\u00edz, para luego observar y sentir, qu\u00e9 es lo que resuena con mi esencia.<\/p>\n<\/div><\/div><\/div><\/div><\/div><div class=\"vc_col-sm-2 wpb_column vc_column_container\"><div class=\"vc_column-inner\"><div class=\"wpb_wrapper\"><div class=\"w-separator size_medium\"><\/div><div class=\"w-grid type_grid layout_blog_4\" id=\"us_grid_1\"><style id=\"us_grid_1_css\">#us_grid_1 .w-grid-item:not(:last-child){margin-bottom:1.5rem}#us_grid_1 .g-loadmore{margin-top:1.5rem}<\/style><style>.layout_blog_4 .w-grid-item-h{}.layout_blog_4 .usg_post_image_1{margin-bottom:0.6rem!important}.layout_blog_4 .usg_post_title_1{font-size:1.2rem!important;margin-bottom:0.3rem!important}.layout_blog_4 .usg_hwrapper_1{color:#777777!important;font-size:14px!important;line-height:1.6!important}<\/style><div class=\"w-grid-list\"><article class=\"w-grid-item size_1x1 post-4867 post type-post status-publish format-standard has-post-thumbnail sticky hentry category-testimonios category-investigacion tag-minidosis-ayahuasca\" data-id=\"4867\">\n\t<div class=\"w-grid-item-h\">\n\t\t\t\t<div class=\"w-post-elm post_image usg_post_image_1 stretched\"><a href=\"https:\/\/organizacionentheos.com\/en\/minidosis-de-ayahuasca-una-experiencia-transformadora\/\" aria-label=\"Minidosis de Ayahuasca: Una experiencia Transformadora\"><img loading=\"lazy\" decoding=\"async\" width=\"678\" height=\"508\" src=\"https:\/\/organizacionentheos.com\/wp-content\/uploads\/2024\/04\/WhatsApp-Image-2023-11-01-at-20.54.08-3.jpeg\" class=\"attachment-us_600_600_crop size-us_600_600_crop wp-post-image\" alt=\"\" srcset=\"https:\/\/organizacionentheos.com\/wp-content\/uploads\/2024\/04\/WhatsApp-Image-2023-11-01-at-20.54.08-3.jpeg 678w, https:\/\/organizacionentheos.com\/wp-content\/uploads\/2024\/04\/WhatsApp-Image-2023-11-01-at-20.54.08-3-300x225.jpeg 300w\" sizes=\"auto, (max-width: 678px) 100vw, 678px\" \/><\/a><\/div><h2 class=\"w-post-elm post_title usg_post_title_1 entry-title color_link_inherit\"><a href=\"https:\/\/organizacionentheos.com\/en\/minidosis-de-ayahuasca-una-experiencia-transformadora\/\">Minidosis de Ayahuasca: Una experiencia Transformadora<\/a><\/h2><div class=\"w-hwrapper usg_hwrapper_1 align_left valign_top wrap \"><time class=\"w-post-elm post_date usg_post_date_1 entry-date published\" datetime=\"2024-04-08T23:32:47+00:00\" title=\"8 April 2024 at 23:32:47 +00:00\">8 Apr 2024<\/time><div class=\"w-post-elm post_comments usg_post_comments_1 layout_amount color_link_inherit\"><i class=\"far fa-comments\"><\/i><a class=\"smooth-scroll\" href=\"https:\/\/organizacionentheos.com\/en\/minidosis-de-ayahuasca-una-experiencia-transformadora\/#respond\">0<\/a><\/div><\/div>\t<\/div>\n<\/article>\n<article class=\"w-grid-item size_1x1 post-5041 post type-post status-publish format-standard has-post-thumbnail hentry category-reflexion\" data-id=\"5041\">\n\t<div class=\"w-grid-item-h\">\n\t\t\t\t<div class=\"w-post-elm post_image usg_post_image_1 stretched\"><a href=\"https:\/\/organizacionentheos.com\/en\/eleva-tu-frecuencia\/\" aria-label=\"Eleva Tu Frecuencia: Un ViAJE HACIA LA PROFUNDIDAD DEL SER\"><img loading=\"lazy\" decoding=\"async\" width=\"1280\" height=\"1280\" src=\"https:\/\/organizacionentheos.com\/wp-content\/uploads\/2025\/05\/WhatsApp-Image-2025-05-05-at-23.19.43-1.jpeg\" class=\"attachment-us_600_600_crop size-us_600_600_crop wp-post-image\" alt=\"Eleva tu Frecuencia\" srcset=\"https:\/\/organizacionentheos.com\/wp-content\/uploads\/2025\/05\/WhatsApp-Image-2025-05-05-at-23.19.43-1.jpeg 1280w, https:\/\/organizacionentheos.com\/wp-content\/uploads\/2025\/05\/WhatsApp-Image-2025-05-05-at-23.19.43-1-300x300.jpeg 300w, https:\/\/organizacionentheos.com\/wp-content\/uploads\/2025\/05\/WhatsApp-Image-2025-05-05-at-23.19.43-1-1024x1024.jpeg 1024w, https:\/\/organizacionentheos.com\/wp-content\/uploads\/2025\/05\/WhatsApp-Image-2025-05-05-at-23.19.43-1-150x150.jpeg 150w\" sizes=\"auto, (max-width: 1280px) 100vw, 1280px\" \/><\/a><\/div><h2 class=\"w-post-elm post_title usg_post_title_1 entry-title color_link_inherit\"><a href=\"https:\/\/organizacionentheos.com\/en\/eleva-tu-frecuencia\/\">Eleva Tu Frecuencia: Un ViAJE HACIA LA PROFUNDIDAD DEL SER<\/a><\/h2><div class=\"w-hwrapper usg_hwrapper_1 align_left valign_top wrap \"><time class=\"w-post-elm post_date usg_post_date_1 entry-date published\" datetime=\"2025-05-06T03:37:35+00:00\" title=\"6 May 2025 at 03:37:35 +00:00\">6 May 2025<\/time><div class=\"w-post-elm post_comments usg_post_comments_1 layout_amount color_link_inherit\"><i class=\"far fa-comments\"><\/i><a class=\"smooth-scroll\" href=\"https:\/\/organizacionentheos.com\/en\/eleva-tu-frecuencia\/#respond\">0<\/a><\/div><\/div>\t<\/div>\n<\/article>\n<\/div>\t<div class=\"w-grid-json hidden\" onclick='return {&quot;ajax_url&quot;:&quot;https:\\\/\\\/organizacionentheos.com\\\/wp-admin\\\/admin-ajax.php&quot;,&quot;permalink_url&quot;:&quot;https:\\\/\\\/organizacionentheos.com\\\/en\\\/eleva-tu-frecuencia\\\/&quot;,&quot;action&quot;:&quot;us_ajax_grid&quot;,&quot;max_num_pages&quot;:19,&quot;infinite_scroll&quot;:0,&quot;template_vars&quot;:{&quot;query_args&quot;:{&quot;post_type&quot;:[&quot;post&quot;],&quot;post_status&quot;:[&quot;publish&quot;,&quot;acf-disabled&quot;],&quot;orderby&quot;:{&quot;date&quot;:&quot;DESC&quot;},&quot;posts_per_page&quot;:&quot;1&quot;},&quot;post_id&quot;:3696,&quot;us_grid_index&quot;:1,&quot;us_grid_ajax_index&quot;:1,&quot;exclude_items&quot;:&quot;none&quot;,&quot;items_offset&quot;:&quot;1&quot;,&quot;items_layout&quot;:&quot;blog_4&quot;,&quot;type&quot;:&quot;grid&quot;,&quot;columns&quot;:&quot;1&quot;,&quot;img_size&quot;:&quot;default&quot;,&quot;overriding_link&quot;:&quot;none&quot;}}'><\/div>\n<\/div><\/div><\/div><\/div><\/div><div class=\"w-separator size_medium\"><\/div><div class=\"wpb_text_column\"><div class=\"wpb_wrapper\"><h6 class=\"section-title font-alt mb-70 mb-sm-40\" style=\"text-align: center;\">ENCU\u00c9NTRANOS<\/h6>\n<\/div><\/div><div class=\"w-separator size_medium\"><\/div><div class=\"g-cols wpb_row  type_default valign_top vc_inner\"><div class=\"vc_col-sm-4 wpb_column vc_column_container\"><div class=\"vc_column-inner\"><div class=\"wpb_wrapper\"><div class=\"w-iconbox iconpos_top style_default color_primary align_center\"><div class=\"w-iconbox-icon\" style=\"font-size:20px;\"><i class=\"fas fa-phone-alt\"><\/i><\/div><div class=\"w-iconbox-meta\"><p class=\"w-iconbox-title\">LLAMANOS<\/p><div class=\"w-iconbox-text\"><p>+56 9 7987 6342<\/p>\n<\/div><\/div><\/div><\/div><\/div><\/div><div class=\"vc_col-sm-4 wpb_column vc_column_container\"><div class=\"vc_column-inner\"><div class=\"wpb_wrapper\"><div class=\"w-iconbox iconpos_top style_default color_primary align_center\"><div class=\"w-iconbox-icon\" style=\"font-size:20px;\"><i class=\"fas fa-envelope\"><\/i><\/div><div class=\"w-iconbox-meta\"><p class=\"w-iconbox-title\">EMAIL<\/p><div class=\"w-iconbox-text\"><div class=\"col-sm-4 col-lg-4 pt-20 pb-20 pb-xs-0\">\n<div class=\"contact-item\">\n<div><\/div>\n<div class=\"ci-text\" style=\"text-align: left;\"><a href=\"mailto:retiros@organizacionentheos.com\">retiros@organizacionentheos.com<\/a><\/div>\n<\/div>\n<\/div>\n<\/div><\/div><\/div><\/div><\/div><\/div><div class=\"vc_col-sm-4 wpb_column vc_column_container\"><div class=\"vc_column-inner\"><div class=\"wpb_wrapper\"><div class=\"w-iconbox iconpos_top style_default color_primary align_center icontype_img\"><div class=\"w-iconbox-icon\"><img loading=\"lazy\" decoding=\"async\" width=\"300\" height=\"300\" src=\"https:\/\/organizacionentheos.com\/wp-content\/uploads\/2020\/03\/whatsapp.png\" class=\"attachment-full size-full\" alt=\"\" srcset=\"https:\/\/organizacionentheos.com\/wp-content\/uploads\/2020\/03\/whatsapp.png 300w, https:\/\/organizacionentheos.com\/wp-content\/uploads\/2020\/03\/whatsapp-150x150.png 150w\" sizes=\"auto, (max-width: 300px) 100vw, 300px\" \/><\/div><div class=\"w-iconbox-meta\"><p class=\"w-iconbox-title\">WHATSAPP<\/p><div class=\"w-iconbox-text\"><p>+56 9 7987 6342<\/p>\n<\/div><\/div><\/div><\/div><\/div><\/div><\/div><\/div><\/div><\/div><\/div><\/div><\/section><section class=\"l-section wpb_row height_medium with_img parallax_ver parallaxdir_reversed\"><div class=\"l-section-img\" style=\"background-image: url(https:\/\/organizacionentheos.com\/wp-content\/uploads\/2020\/03\/section-bg-1a.jpg);\" data-img-width=\"1920\" data-img-height=\"1080\"><\/div><div class=\"l-section-h i-cf\"><div class=\"g-cols vc_row type_default valign_top\"><div class=\"vc_col-sm-12 wpb_column vc_column_container\"><div class=\"vc_column-inner\"><div class=\"wpb_wrapper\"><div class=\"w-separator size_small\"><\/div><div class=\"w-btn-wrapper width_auto align_center\"><a class=\"w-btn us-btn-style_2\" href=\"https:\/\/organizacionentheos.com\/en\/eleva-tu-frecuencia\/\"><span class=\"w-btn-label\">Cont\u00e1ctanos<\/span><\/a><\/div><\/div><\/div><\/div><\/div><\/div><\/section>\n","protected":false},"excerpt":{"rendered":"Eleva Tu Frecuencia: Un Viaje hacia la Profundidad del Ser En el vasto viaje de la vida, nos encontramos constantemente entre la luz y la sombra, entre la paz y el caos. Cada d\u00eda nos brinda una oportunidad \u00fanica para elevar nuestra vibraci\u00f3n, para alinearnos con la frecuencia m\u00e1s pura de nuestro ser. Pero, \u00bfqu\u00e9...","protected":false},"author":1,"featured_media":0,"parent":0,"menu_order":0,"comment_status":"closed","ping_status":"closed","template":"","meta":{"_acf_changed":false,"_joinchat":[],"footnotes":""},"class_list":["post-3696","page","type-page","status-publish","hentry"],"acf":[],"yoast_head":"<!-- This site is optimized with the Yoast SEO plugin v26.5 - https:\/\/yoast.com\/wordpress\/plugins\/seo\/ -->\n<title>entrada1 - Organizaci\u00f3n Entheos<\/title>\n<meta name=\"description\" content=\"Eleva tu Frecuencia. Un viaje hacia la profundidad del ser. Pero, \u00bfQu\u00e9 significa realmente vibrar en alta frecuencia?\" \/>\n<meta name=\"robots\" content=\"index, follow, max-snippet:-1, max-image-preview:large, max-video-preview:-1\" \/>\n<link rel=\"canonical\" href=\"https:\/\/organizacionentheos.com\/en\/entrada1\/\" \/>\n<meta property=\"og:locale\" content=\"en_US\" \/>\n<meta property=\"og:locale:alternate\" content=\"es_ES\" \/>\n<meta property=\"og:type\" content=\"article\" \/>\n<meta property=\"og:title\" content=\"entrada1 - Organizaci\u00f3n Entheos\" \/>\n<meta property=\"og:url\" content=\"https:\/\/organizacionentheos.com\/en\/eleva-tu-frecuencia\/\" \/>\n<meta property=\"og:site_name\" content=\"Organizaci\u00f3n Entheos\" \/>\n<meta property=\"article:publisher\" content=\"https:\/\/www.facebook.com\/organizacionentheos\/\" \/>\n<meta property=\"article:modified_time\" content=\"2020-09-01T17:37:58+00:00\" \/>\n<meta name=\"twitter:card\" content=\"summary_large_image\" \/>\n<meta name=\"twitter:label1\" content=\"Est. reading time\" \/>\n\t<meta name=\"twitter:data1\" content=\"3 minutes\" \/>\n<script type=\"application\/ld+json\" class=\"yoast-schema-graph\">{\"@context\":\"https:\/\/schema.org\",\"@graph\":[{\"@type\":\"WebPage\",\"@id\":\"https:\/\/organizacionentheos.com\/entrada1\/\",\"url\":\"https:\/\/organizacionentheos.com\/entrada1\/\",\"name\":\"entrada1 - Organizaci\u00f3n Entheos\",\"isPartOf\":{\"@id\":\"https:\/\/organizacionentheos.com\/#website\"},\"datePublished\":\"2020-03-05T14:34:12+00:00\",\"dateModified\":\"2020-09-01T17:37:58+00:00\",\"breadcrumb\":{\"@id\":\"https:\/\/organizacionentheos.com\/entrada1\/#breadcrumb\"},\"inLanguage\":\"en-US\",\"potentialAction\":[{\"@type\":\"ReadAction\",\"target\":[\"https:\/\/organizacionentheos.com\/entrada1\/\"]}]},{\"@type\":\"BreadcrumbList\",\"@id\":\"https:\/\/organizacionentheos.com\/entrada1\/#breadcrumb\",\"itemListElement\":[{\"@type\":\"ListItem\",\"position\":1,\"name\":\"Portada\",\"item\":\"https:\/\/organizacionentheos.com\/\"},{\"@type\":\"ListItem\",\"position\":2,\"name\":\"entrada1\"}]},{\"@type\":\"WebSite\",\"@id\":\"https:\/\/organizacionentheos.com\/#website\",\"url\":\"https:\/\/organizacionentheos.com\/\",\"name\":\"Organizaci\u00f3n Entheos\",\"description\":\"Hecho con amor para grandes personas\",\"publisher\":{\"@id\":\"https:\/\/organizacionentheos.com\/#organization\"},\"potentialAction\":[{\"@type\":\"SearchAction\",\"target\":{\"@type\":\"EntryPoint\",\"urlTemplate\":\"https:\/\/organizacionentheos.com\/?s={search_term_string}\"},\"query-input\":{\"@type\":\"PropertyValueSpecification\",\"valueRequired\":true,\"valueName\":\"search_term_string\"}}],\"inLanguage\":\"en-US\"},{\"@type\":\"Organization\",\"@id\":\"https:\/\/organizacionentheos.com\/#organization\",\"name\":\"Organizaci\u00f3n Entheos\",\"url\":\"https:\/\/organizacionentheos.com\/\",\"logo\":{\"@type\":\"ImageObject\",\"inLanguage\":\"en-US\",\"@id\":\"https:\/\/organizacionentheos.com\/#\/schema\/logo\/image\/\",\"url\":\"https:\/\/organizacionentheos.com\/wp-content\/uploads\/2025\/11\/entheoslogo2025.jpg\",\"contentUrl\":\"https:\/\/organizacionentheos.com\/wp-content\/uploads\/2025\/11\/entheoslogo2025.jpg\",\"width\":1600,\"height\":901,\"caption\":\"Organizaci\u00f3n Entheos\"},\"image\":{\"@id\":\"https:\/\/organizacionentheos.com\/#\/schema\/logo\/image\/\"},\"sameAs\":[\"https:\/\/www.facebook.com\/organizacionentheos\/\",\"https:\/\/www.instagram.com\/entheos_org\",\"https:\/\/www.tiktok.com\/entheos_org\"]}]}<\/script>\n<!-- \/ Yoast SEO plugin. -->","yoast_head_json":{"title":"entrada1 - Organizaci\u00f3n Entheos","description":"Eleva tu Frecuencia. Un viaje hacia la profundidad del ser. Pero, \u00bfQu\u00e9 significa realmente vibrar en alta frecuencia?","robots":{"index":"index","follow":"follow","max-snippet":"max-snippet:-1","max-image-preview":"max-image-preview:large","max-video-preview":"max-video-preview:-1"},"canonical":"https:\/\/organizacionentheos.com\/en\/entrada1\/","og_locale":"en_US","og_type":"article","og_title":"entrada1 - Organizaci\u00f3n Entheos","og_url":"https:\/\/organizacionentheos.com\/en\/eleva-tu-frecuencia\/","og_site_name":"Organizaci\u00f3n Entheos","article_publisher":"https:\/\/www.facebook.com\/organizacionentheos\/","article_modified_time":"2020-09-01T17:37:58+00:00","twitter_card":"summary_large_image","twitter_misc":{"Est. reading time":"3 minutes"},"schema":{"@context":"https:\/\/schema.org","@graph":[{"@type":"WebPage","@id":"https:\/\/organizacionentheos.com\/entrada1\/","url":"https:\/\/organizacionentheos.com\/entrada1\/","name":"entrada1 - Organizaci\u00f3n Entheos","isPartOf":{"@id":"https:\/\/organizacionentheos.com\/#website"},"datePublished":"2020-03-05T14:34:12+00:00","dateModified":"2020-09-01T17:37:58+00:00","breadcrumb":{"@id":"https:\/\/organizacionentheos.com\/entrada1\/#breadcrumb"},"inLanguage":"en-US","potentialAction":[{"@type":"ReadAction","target":["https:\/\/organizacionentheos.com\/entrada1\/"]}]},{"@type":"BreadcrumbList","@id":"https:\/\/organizacionentheos.com\/entrada1\/#breadcrumb","itemListElement":[{"@type":"ListItem","position":1,"name":"Portada","item":"https:\/\/organizacionentheos.com\/"},{"@type":"ListItem","position":2,"name":"entrada1"}]},{"@type":"WebSite","@id":"https:\/\/organizacionentheos.com\/#website","url":"https:\/\/organizacionentheos.com\/","name":"Organizaci\u00f3n Entheos","description":"Hecho con amor para grandes personas","publisher":{"@id":"https:\/\/organizacionentheos.com\/#organization"},"potentialAction":[{"@type":"SearchAction","target":{"@type":"EntryPoint","urlTemplate":"https:\/\/organizacionentheos.com\/?s={search_term_string}"},"query-input":{"@type":"PropertyValueSpecification","valueRequired":true,"valueName":"search_term_string"}}],"inLanguage":"en-US"},{"@type":"Organization","@id":"https:\/\/organizacionentheos.com\/#organization","name":"Organizaci\u00f3n Entheos","url":"https:\/\/organizacionentheos.com\/","logo":{"@type":"ImageObject","inLanguage":"en-US","@id":"https:\/\/organizacionentheos.com\/#\/schema\/logo\/image\/","url":"https:\/\/organizacionentheos.com\/wp-content\/uploads\/2025\/11\/entheoslogo2025.jpg","contentUrl":"https:\/\/organizacionentheos.com\/wp-content\/uploads\/2025\/11\/entheoslogo2025.jpg","width":1600,"height":901,"caption":"Organizaci\u00f3n Entheos"},"image":{"@id":"https:\/\/organizacionentheos.com\/#\/schema\/logo\/image\/"},"sameAs":["https:\/\/www.facebook.com\/organizacionentheos\/","https:\/\/www.instagram.com\/entheos_org","https:\/\/www.tiktok.com\/entheos_org"]}]}},"_links":{"self":[{"href":"https:\/\/organizacionentheos.com\/en\/wp-json\/wp\/v2\/pages\/3696","targetHints":{"allow":["GET"]}}],"collection":[{"href":"https:\/\/organizacionentheos.com\/en\/wp-json\/wp\/v2\/pages"}],"about":[{"href":"https:\/\/organizacionentheos.com\/en\/wp-json\/wp\/v2\/types\/page"}],"author":[{"embeddable":true,"href":"https:\/\/organizacionentheos.com\/en\/wp-json\/wp\/v2\/users\/1"}],"replies":[{"embeddable":true,"href":"https:\/\/organizacionentheos.com\/en\/wp-json\/wp\/v2\/comments?post=3696"}],"version-history":[{"count":2,"href":"https:\/\/organizacionentheos.com\/en\/wp-json\/wp\/v2\/pages\/3696\/revisions"}],"predecessor-version":[{"id":4260,"href":"https:\/\/organizacionentheos.com\/en\/wp-json\/wp\/v2\/pages\/3696\/revisions\/4260"}],"wp:attachment":[{"href":"https:\/\/organizacionentheos.com\/en\/wp-json\/wp\/v2\/media?parent=3696"}],"curies":[{"name":"wp","href":"https:\/\/api.w.org\/{rel}","templated":true}]}}