{"id":3688,"date":"2020-03-04T20:14:11","date_gmt":"2020-03-04T20:14:11","guid":{"rendered":"http:\/\/nuevo.lumendigital.cl\/?page_id=3688"},"modified":"2022-05-27T04:19:19","modified_gmt":"2022-05-27T04:19:19","slug":"sofia","status":"publish","type":"page","link":"https:\/\/organizacionentheos.com\/en\/equipo\/sofia\/","title":{"rendered":"Sofia"},"content":{"rendered":"<section class=\"l-section wpb_row us_custom_a7aad6fd height_auto color_primary with_img parallax_ver parallaxdir_reversed with_overlay\"><div class=\"l-section-img\" style=\"background-image: url(https:\/\/organizacionentheos.com\/wp-content\/uploads\/2020\/08\/equipoazulcorta-scaled.jpg);\" data-img-width=\"2560\" data-img-height=\"1080\"><\/div><div class=\"l-section-overlay\" style=\"background: rgba(0,0,0,0.5)\"><\/div><div class=\"l-section-h i-cf\"><div class=\"g-cols vc_row type_default valign_top\"><div class=\"vc_col-sm-8 wpb_column vc_column_container\"><div class=\"vc_column-inner\"><div class=\"wpb_wrapper\"><div class=\"w-separator size_huge\"><\/div><div class=\"wpb_text_column us_custom_93dcf93c\"><div class=\"wpb_wrapper\"><h2 style=\"font-size: 30px; letter-spacing: 10px; font-weight: 400; line-height: 1,8; text-align: left; opacity: .9; font-family: Dosis, arial, sans-serif; margin: 0.67em 0;\">ENTHEOS EQUIPO<\/h2>\n<p style=\"font-size: 14px; letter-spacing: 4px; font-weight: 400; line-height: 140%; text-align: left; font-family: Dosis, arial, sans-serif; color: rgba(255,255,255, .85); text-transform: none;\"><em>S\u00f3lo puedo acompa\u00f1arte a conocerte; y s\u00f3lo en la medida en que me voy conociendo a mi mismo<\/em><\/p>\n<\/div><\/div><div class=\"w-separator size_huge\"><\/div><\/div><\/div><\/div><div class=\"vc_col-sm-4 wpb_column vc_column_container\"><div class=\"vc_column-inner\"><div class=\"wpb_wrapper\"><div class=\"w-separator size_huge\"><\/div><ol class=\"g-breadcrumbs us_custom_12deb89f separator_custom align_right\" itemscope itemtype=\"http:\/\/schema.org\/BreadcrumbList\"><li class=\"g-breadcrumbs-item\" itemprop=\"itemListElement\" itemscope itemtype=\"http:\/\/schema.org\/ListItem\"><a itemprop=\"item\" href=\"https:\/\/organizacionentheos.com\/en\/\"><span itemprop=\"name\">Entheos<\/span><\/a><meta itemprop=\"position\" content=\"1\"\/><\/li><li class=\"g-breadcrumbs-separator\">\/<\/li><li class=\"g-breadcrumbs-item\">Pages<\/li><\/ol><\/div><\/div><\/div><\/div><\/div><\/section><section class=\"l-section wpb_row height_auto color_alternate\"><div class=\"l-section-h i-cf\"><div class=\"g-cols vc_row type_default valign_top\"><div class=\"vc_col-sm-12 wpb_column vc_column_container\"><div class=\"vc_column-inner\"><div class=\"wpb_wrapper\"><div class=\"w-separator size_medium\"><\/div><div class=\"g-cols wpb_row  type_default valign_top vc_inner\"><div class=\"vc_col-sm-2 wpb_column vc_column_container\"><div class=\"vc_column-inner\"><div class=\"wpb_wrapper\"><\/div><\/div><\/div><div class=\"vc_col-sm-8 wpb_column vc_column_container\"><div class=\"vc_column-inner\"><div class=\"wpb_wrapper\"><div class=\"wpb_text_column\"><div class=\"wpb_wrapper\"><h2 style=\"text-align: center;\">SOFIA<\/h2>\n<\/div><\/div><div class=\"w-separator size_small\"><\/div><div class=\"w-image align_center\"><div class=\"w-image-h\"><img loading=\"lazy\" decoding=\"async\" width=\"370\" height=\"450\" src=\"https:\/\/organizacionentheos.com\/wp-content\/uploads\/2020\/03\/team-1.jpg\" class=\"attachment-full size-full\" alt=\"\" srcset=\"https:\/\/organizacionentheos.com\/wp-content\/uploads\/2020\/03\/team-1.jpg 370w, https:\/\/organizacionentheos.com\/wp-content\/uploads\/2020\/03\/team-1-247x300.jpg 247w\" sizes=\"auto, (max-width: 370px) 100vw, 370px\" \/><\/div><\/div><div class=\"w-separator size_small\"><\/div><div class=\"wpb_text_column\"><div class=\"wpb_wrapper\"><div class=\"col-md-12 col-sm-12 mb-sm-50 mb-xs-30\"><strong><span class=\"bold\">Sofia Rodriguez Salas<\/span><\/strong><br \/>\nDesde muy joven comenc\u00e9 la b\u00fasqueda de respuestas sobre la existencia y sobre mi lugar en ella. En mi paso por diferentes carreras obtuve diversas herramientas para desarrollarme a nivel profesional como comunicadora y artista gr\u00e1fica.<\/div>\n<div><\/div>\n<div class=\"col-md-12 col-sm-12 mb-sm-50 mb-xs-30\">Mi encuentro con las medicinas ancestrales me llevaron a un sorprendente viaje interno hacia mi esencia, comenzando un hermoso proceso de sananaci\u00f3n junto a mi madre Oriana, como tambi\u00e9n viajes por varios pa\u00edses de Europa y Sudam\u00e9rica, teniendo hermosas experiencias junto a cientos de personas, aprendiendo y form\u00e1ndome continuamente.<\/div>\n<div><\/div>\n<div class=\"col-md-12 col-sm-12 mb-sm-50 mb-xs-30\">Hoy, como integrante del equipo de Entheos, busco seguir expandiendo y compartiendo, como conferencista, facilitadora de medicinas e integradora de procesos internos en estados expandidos de consciencia.<\/div>\n<\/div><\/div><\/div><\/div><\/div><div class=\"vc_col-sm-2 wpb_column vc_column_container\"><div class=\"vc_column-inner\"><div class=\"wpb_wrapper\"><\/div><\/div><\/div><\/div><div class=\"w-separator size_medium\"><\/div><div class=\"w-separator size_medium with_line width_screen thick_1 style_solid color_border align_center\"><div class=\"w-separator-h\"><\/div><\/div><div class=\"g-cols wpb_row  type_default valign_top vc_inner\"><div class=\"vc_col-sm-2 wpb_column vc_column_container\"><div class=\"vc_column-inner\"><div class=\"wpb_wrapper\"><\/div><\/div><\/div><div class=\"vc_col-sm-2 wpb_column vc_column_container\"><div class=\"vc_column-inner\"><div class=\"wpb_wrapper\"><div class=\"w-iconbox iconpos_top style_default color_primary align_center no_title icontype_img\"><a class=\"w-iconbox-link\" href=\"http:\/\/www.organizacionentheos.com\/equipo\/oriana\/\" title=\"Oriana\" aria-hidden=\"true\"><div class=\"w-iconbox-icon\"><img loading=\"lazy\" decoding=\"async\" width=\"370\" height=\"450\" src=\"https:\/\/organizacionentheos.com\/wp-content\/uploads\/2020\/03\/team-2.jpg\" class=\"attachment-full size-full\" alt=\"\" srcset=\"https:\/\/organizacionentheos.com\/wp-content\/uploads\/2020\/03\/team-2.jpg 370w, https:\/\/organizacionentheos.com\/wp-content\/uploads\/2020\/03\/team-2-247x300.jpg 247w\" sizes=\"auto, (max-width: 370px) 100vw, 370px\" \/><\/div><\/a><div class=\"w-iconbox-meta\"><div class=\"w-iconbox-text\"><p style=\"text-align: center;\">ORIANA<\/p>\n<\/div><\/div><\/div><\/div><\/div><\/div><div class=\"vc_col-sm-2 wpb_column vc_column_container\"><div class=\"vc_column-inner\"><div class=\"wpb_wrapper\"><div class=\"w-iconbox iconpos_top style_default color_primary align_center no_title icontype_img\"><a class=\"w-iconbox-link\" href=\"http:\/\/www.organizacionentheos.com\/equipo\/sofia\/\" title=\"Sofia\" aria-hidden=\"true\"><div class=\"w-iconbox-icon\"><img loading=\"lazy\" decoding=\"async\" width=\"370\" height=\"450\" src=\"https:\/\/organizacionentheos.com\/wp-content\/uploads\/2020\/03\/team-1.jpg\" class=\"attachment-full size-full\" alt=\"\" srcset=\"https:\/\/organizacionentheos.com\/wp-content\/uploads\/2020\/03\/team-1.jpg 370w, https:\/\/organizacionentheos.com\/wp-content\/uploads\/2020\/03\/team-1-247x300.jpg 247w\" sizes=\"auto, (max-width: 370px) 100vw, 370px\" \/><\/div><\/a><div class=\"w-iconbox-meta\"><div class=\"w-iconbox-text\"><p style=\"text-align: center;\">SOFIA<\/p>\n<\/div><\/div><\/div><\/div><\/div><\/div><div class=\"vc_col-sm-2 wpb_column vc_column_container\"><div class=\"vc_column-inner\"><div class=\"wpb_wrapper\"><div class=\"w-iconbox iconpos_top style_default color_primary align_center no_title icontype_img\"><a class=\"w-iconbox-link\" href=\"http:\/\/www.organizacionentheos.com\/equipo\/sebastian\/\" title=\"Sebastian\" aria-hidden=\"true\"><div class=\"w-iconbox-icon\"><img loading=\"lazy\" decoding=\"async\" width=\"1527\" height=\"1846\" src=\"https:\/\/organizacionentheos.com\/wp-content\/uploads\/2022\/05\/Picsart_22-05-26_19-27-31-958-e1653616674628.jpg\" class=\"attachment-full size-full\" alt=\"\" srcset=\"https:\/\/organizacionentheos.com\/wp-content\/uploads\/2022\/05\/Picsart_22-05-26_19-27-31-958-e1653616674628.jpg 1527w, https:\/\/organizacionentheos.com\/wp-content\/uploads\/2022\/05\/Picsart_22-05-26_19-27-31-958-e1653616674628-248x300.jpg 248w, https:\/\/organizacionentheos.com\/wp-content\/uploads\/2022\/05\/Picsart_22-05-26_19-27-31-958-e1653616674628-847x1024.jpg 847w, https:\/\/organizacionentheos.com\/wp-content\/uploads\/2022\/05\/Picsart_22-05-26_19-27-31-958-e1653616674628-1271x1536.jpg 1271w\" sizes=\"auto, (max-width: 1527px) 100vw, 1527px\" \/><\/div><\/a><div class=\"w-iconbox-meta\"><div class=\"w-iconbox-text\"><p style=\"text-align: center;\">SEBASTIAN<\/p>\n<\/div><\/div><\/div><\/div><\/div><\/div><div class=\"vc_col-sm-2 wpb_column vc_column_container\"><div class=\"vc_column-inner\"><div class=\"wpb_wrapper\"><div class=\"w-iconbox iconpos_top style_default color_primary align_center no_title icontype_img\"><a class=\"w-iconbox-link\" href=\"http:\/\/www.organizacionentheos.com\/equipo\/lissette\/\" title=\"Thank you\" aria-hidden=\"true\"><div class=\"w-iconbox-icon\"><img loading=\"lazy\" decoding=\"async\" width=\"370\" height=\"450\" src=\"https:\/\/organizacionentheos.com\/wp-content\/uploads\/2020\/08\/FB_IMG_1598558101190-e1598564841638.jpg\" class=\"attachment-full size-full\" alt=\"\" srcset=\"https:\/\/organizacionentheos.com\/wp-content\/uploads\/2020\/08\/FB_IMG_1598558101190-e1598564841638.jpg 370w, https:\/\/organizacionentheos.com\/wp-content\/uploads\/2020\/08\/FB_IMG_1598558101190-e1598564841638-247x300.jpg 247w\" sizes=\"auto, (max-width: 370px) 100vw, 370px\" \/><\/div><\/a><div class=\"w-iconbox-meta\"><div class=\"w-iconbox-text\"><p style=\"text-align: center;\">LISSETTE<\/p>\n<\/div><\/div><\/div><\/div><\/div><\/div><div class=\"vc_col-sm-2 wpb_column vc_column_container\"><div class=\"vc_column-inner\"><div class=\"wpb_wrapper\"><\/div><\/div><\/div><\/div><div class=\"g-cols wpb_row  type_default valign_top vc_inner\"><div class=\"vc_col-sm-1\/5 wpb_column vc_column_container\"><div class=\"vc_column-inner\"><div class=\"wpb_wrapper\"><\/div><\/div><\/div><div class=\"vc_col-sm-1\/5 wpb_column vc_column_container\"><div class=\"vc_column-inner\"><div class=\"wpb_wrapper\"><div class=\"w-iconbox iconpos_top style_default color_primary align_center no_title icontype_img\"><a class=\"w-iconbox-link\" href=\"http:\/\/www.organizacionentheos.com\/equipo\/bufo-penny\/\" title=\"Mauricio\" aria-hidden=\"true\"><div class=\"w-iconbox-icon\"><img loading=\"lazy\" decoding=\"async\" width=\"840\" height=\"1029\" src=\"https:\/\/organizacionentheos.com\/wp-content\/uploads\/2022\/01\/WhatsApp-Image-2021-10-09-at-05.10.55-e1653777052337.jpeg\" class=\"attachment-full size-full\" alt=\"\" \/><\/div><\/a><div class=\"w-iconbox-meta\"><div class=\"w-iconbox-text\"><p style=\"text-align: center;\">MAURICIO<\/p>\n<\/div><\/div><\/div><\/div><\/div><\/div><div class=\"vc_col-sm-1\/5 wpb_column vc_column_container\"><div class=\"vc_column-inner\"><div class=\"wpb_wrapper\"><div class=\"w-iconbox iconpos_top style_default color_primary align_center no_title icontype_img\"><a class=\"w-iconbox-link\" href=\"http:\/\/www.organizacionentheos.com\/equipo\/joy\/\" title=\"Joy\" aria-hidden=\"true\"><div class=\"w-iconbox-icon\"><img loading=\"lazy\" decoding=\"async\" width=\"370\" height=\"450\" src=\"https:\/\/organizacionentheos.com\/wp-content\/uploads\/2020\/03\/team-5.jpg\" class=\"attachment-full size-full\" alt=\"\" srcset=\"https:\/\/organizacionentheos.com\/wp-content\/uploads\/2020\/03\/team-5.jpg 370w, https:\/\/organizacionentheos.com\/wp-content\/uploads\/2020\/03\/team-5-247x300.jpg 247w\" sizes=\"auto, (max-width: 370px) 100vw, 370px\" \/><\/div><\/a><div class=\"w-iconbox-meta\"><div class=\"w-iconbox-text\"><p style=\"text-align: center;\">JOY<\/p>\n<\/div><\/div><\/div><\/div><\/div><\/div><div class=\"vc_col-sm-1\/5 wpb_column vc_column_container\"><div class=\"vc_column-inner\"><div class=\"wpb_wrapper\"><div class=\"w-iconbox iconpos_top style_default color_primary align_center no_title icontype_img\"><a class=\"w-iconbox-link\" href=\"http:\/\/www.organizacionentheos.com\/equipo\/jorge\/\" title=\"Jorge\" aria-hidden=\"true\"><div class=\"w-iconbox-icon\"><img loading=\"lazy\" decoding=\"async\" width=\"370\" height=\"450\" src=\"https:\/\/organizacionentheos.com\/wp-content\/uploads\/2020\/03\/team-4.jpg\" class=\"attachment-full size-full\" alt=\"\" srcset=\"https:\/\/organizacionentheos.com\/wp-content\/uploads\/2020\/03\/team-4.jpg 370w, https:\/\/organizacionentheos.com\/wp-content\/uploads\/2020\/03\/team-4-247x300.jpg 247w\" sizes=\"auto, (max-width: 370px) 100vw, 370px\" \/><\/div><\/a><div class=\"w-iconbox-meta\"><div class=\"w-iconbox-text\"><p style=\"text-align: center;\">JORGE<\/p>\n<\/div><\/div><\/div><\/div><\/div><\/div><div class=\"vc_col-sm-1\/5 wpb_column vc_column_container\"><div class=\"vc_column-inner\"><div class=\"wpb_wrapper\"><\/div><\/div><\/div><\/div><div class=\"w-separator size_medium with_line width_screen thick_1 style_solid color_border align_center\"><div class=\"w-separator-h\"><\/div><\/div><\/div><\/div><\/div><\/div><\/div><\/section><section class=\"l-section wpb_row height_medium\"><div class=\"l-section-h i-cf\"><div class=\"g-cols vc_row type_default valign_top\"><div class=\"vc_col-sm-12 wpb_column vc_column_container\"><div class=\"vc_column-inner\"><div class=\"wpb_wrapper\"><\/div><\/div><\/div><\/div><\/div><\/section>\n","protected":false},"excerpt":{"rendered":"ENTHEOS EQUIPO S\u00f3lo puedo acompa\u00f1arte a conocerte; y s\u00f3lo en la medida en que me voy conociendo a mi mismo Entheos\/PagesSOFIA Sofia Rodriguez Salas Desde muy joven comenc\u00e9 la b\u00fasqueda de respuestas sobre la existencia y sobre mi lugar en ella. En mi paso por diferentes carreras obtuve diversas herramientas para desarrollarme a nivel profesional...","protected":false},"author":1,"featured_media":0,"parent":3594,"menu_order":0,"comment_status":"closed","ping_status":"closed","template":"","meta":{"_acf_changed":false,"_joinchat":[],"footnotes":""},"class_list":["post-3688","page","type-page","status-publish","hentry"],"acf":[],"yoast_head":"<!-- This site is optimized with the Yoast SEO plugin v26.5 - https:\/\/yoast.com\/wordpress\/plugins\/seo\/ -->\n<title>Sofia - Organizaci\u00f3n Entheos<\/title>\n<meta name=\"robots\" content=\"index, follow, max-snippet:-1, max-image-preview:large, max-video-preview:-1\" \/>\n<link rel=\"canonical\" href=\"https:\/\/organizacionentheos.com\/en\/equipo\/sofia\/\" \/>\n<meta property=\"og:locale\" content=\"en_US\" \/>\n<meta property=\"og:locale:alternate\" content=\"es_ES\" \/>\n<meta property=\"og:type\" content=\"article\" \/>\n<meta property=\"og:title\" content=\"Sofia - Organizaci\u00f3n Entheos\" \/>\n<meta property=\"og:url\" content=\"https:\/\/organizacionentheos.com\/en\/equipo\/sofia\/\" \/>\n<meta property=\"og:site_name\" content=\"Organizaci\u00f3n Entheos\" \/>\n<meta property=\"article:publisher\" content=\"https:\/\/www.facebook.com\/organizacionentheos\/\" \/>\n<meta property=\"article:modified_time\" content=\"2022-05-27T04:19:19+00:00\" \/>\n<meta name=\"twitter:card\" content=\"summary_large_image\" \/>\n<meta name=\"twitter:label1\" content=\"Est. reading time\" \/>\n\t<meta name=\"twitter:data1\" content=\"3 minutes\" \/>\n<script type=\"application\/ld+json\" class=\"yoast-schema-graph\">{\"@context\":\"https:\/\/schema.org\",\"@graph\":[{\"@type\":\"WebPage\",\"@id\":\"https:\/\/organizacionentheos.com\/equipo\/sofia\/\",\"url\":\"https:\/\/organizacionentheos.com\/equipo\/sofia\/\",\"name\":\"Sofia - Organizaci\u00f3n Entheos\",\"isPartOf\":{\"@id\":\"https:\/\/organizacionentheos.com\/#website\"},\"datePublished\":\"2020-03-04T20:14:11+00:00\",\"dateModified\":\"2022-05-27T04:19:19+00:00\",\"breadcrumb\":{\"@id\":\"https:\/\/organizacionentheos.com\/equipo\/sofia\/#breadcrumb\"},\"inLanguage\":\"en-US\",\"potentialAction\":[{\"@type\":\"ReadAction\",\"target\":[\"https:\/\/organizacionentheos.com\/equipo\/sofia\/\"]}]},{\"@type\":\"BreadcrumbList\",\"@id\":\"https:\/\/organizacionentheos.com\/equipo\/sofia\/#breadcrumb\",\"itemListElement\":[{\"@type\":\"ListItem\",\"position\":1,\"name\":\"Portada\",\"item\":\"https:\/\/organizacionentheos.com\/\"},{\"@type\":\"ListItem\",\"position\":2,\"name\":\"Equipo\",\"item\":\"https:\/\/organizacionentheos.com\/equipo\/\"},{\"@type\":\"ListItem\",\"position\":3,\"name\":\"Sofia\"}]},{\"@type\":\"WebSite\",\"@id\":\"https:\/\/organizacionentheos.com\/#website\",\"url\":\"https:\/\/organizacionentheos.com\/\",\"name\":\"Organizaci\u00f3n Entheos\",\"description\":\"Hecho con amor para grandes personas\",\"publisher\":{\"@id\":\"https:\/\/organizacionentheos.com\/#organization\"},\"potentialAction\":[{\"@type\":\"SearchAction\",\"target\":{\"@type\":\"EntryPoint\",\"urlTemplate\":\"https:\/\/organizacionentheos.com\/?s={search_term_string}\"},\"query-input\":{\"@type\":\"PropertyValueSpecification\",\"valueRequired\":true,\"valueName\":\"search_term_string\"}}],\"inLanguage\":\"en-US\"},{\"@type\":\"Organization\",\"@id\":\"https:\/\/organizacionentheos.com\/#organization\",\"name\":\"Organizaci\u00f3n Entheos\",\"url\":\"https:\/\/organizacionentheos.com\/\",\"logo\":{\"@type\":\"ImageObject\",\"inLanguage\":\"en-US\",\"@id\":\"https:\/\/organizacionentheos.com\/#\/schema\/logo\/image\/\",\"url\":\"https:\/\/organizacionentheos.com\/wp-content\/uploads\/2025\/11\/entheoslogo2025.jpg\",\"contentUrl\":\"https:\/\/organizacionentheos.com\/wp-content\/uploads\/2025\/11\/entheoslogo2025.jpg\",\"width\":1600,\"height\":901,\"caption\":\"Organizaci\u00f3n Entheos\"},\"image\":{\"@id\":\"https:\/\/organizacionentheos.com\/#\/schema\/logo\/image\/\"},\"sameAs\":[\"https:\/\/www.facebook.com\/organizacionentheos\/\",\"https:\/\/www.instagram.com\/entheos_org\",\"https:\/\/www.tiktok.com\/entheos_org\"]}]}<\/script>\n<!-- \/ Yoast SEO plugin. -->","yoast_head_json":{"title":"Sofia - Organizaci\u00f3n Entheos","robots":{"index":"index","follow":"follow","max-snippet":"max-snippet:-1","max-image-preview":"max-image-preview:large","max-video-preview":"max-video-preview:-1"},"canonical":"https:\/\/organizacionentheos.com\/en\/equipo\/sofia\/","og_locale":"en_US","og_type":"article","og_title":"Sofia - Organizaci\u00f3n Entheos","og_url":"https:\/\/organizacionentheos.com\/en\/equipo\/sofia\/","og_site_name":"Organizaci\u00f3n Entheos","article_publisher":"https:\/\/www.facebook.com\/organizacionentheos\/","article_modified_time":"2022-05-27T04:19:19+00:00","twitter_card":"summary_large_image","twitter_misc":{"Est. reading time":"3 minutes"},"schema":{"@context":"https:\/\/schema.org","@graph":[{"@type":"WebPage","@id":"https:\/\/organizacionentheos.com\/equipo\/sofia\/","url":"https:\/\/organizacionentheos.com\/equipo\/sofia\/","name":"Sofia - Organizaci\u00f3n Entheos","isPartOf":{"@id":"https:\/\/organizacionentheos.com\/#website"},"datePublished":"2020-03-04T20:14:11+00:00","dateModified":"2022-05-27T04:19:19+00:00","breadcrumb":{"@id":"https:\/\/organizacionentheos.com\/equipo\/sofia\/#breadcrumb"},"inLanguage":"en-US","potentialAction":[{"@type":"ReadAction","target":["https:\/\/organizacionentheos.com\/equipo\/sofia\/"]}]},{"@type":"BreadcrumbList","@id":"https:\/\/organizacionentheos.com\/equipo\/sofia\/#breadcrumb","itemListElement":[{"@type":"ListItem","position":1,"name":"Portada","item":"https:\/\/organizacionentheos.com\/"},{"@type":"ListItem","position":2,"name":"Equipo","item":"https:\/\/organizacionentheos.com\/equipo\/"},{"@type":"ListItem","position":3,"name":"Sofia"}]},{"@type":"WebSite","@id":"https:\/\/organizacionentheos.com\/#website","url":"https:\/\/organizacionentheos.com\/","name":"Organizaci\u00f3n Entheos","description":"Hecho con amor para grandes personas","publisher":{"@id":"https:\/\/organizacionentheos.com\/#organization"},"potentialAction":[{"@type":"SearchAction","target":{"@type":"EntryPoint","urlTemplate":"https:\/\/organizacionentheos.com\/?s={search_term_string}"},"query-input":{"@type":"PropertyValueSpecification","valueRequired":true,"valueName":"search_term_string"}}],"inLanguage":"en-US"},{"@type":"Organization","@id":"https:\/\/organizacionentheos.com\/#organization","name":"Organizaci\u00f3n Entheos","url":"https:\/\/organizacionentheos.com\/","logo":{"@type":"ImageObject","inLanguage":"en-US","@id":"https:\/\/organizacionentheos.com\/#\/schema\/logo\/image\/","url":"https:\/\/organizacionentheos.com\/wp-content\/uploads\/2025\/11\/entheoslogo2025.jpg","contentUrl":"https:\/\/organizacionentheos.com\/wp-content\/uploads\/2025\/11\/entheoslogo2025.jpg","width":1600,"height":901,"caption":"Organizaci\u00f3n Entheos"},"image":{"@id":"https:\/\/organizacionentheos.com\/#\/schema\/logo\/image\/"},"sameAs":["https:\/\/www.facebook.com\/organizacionentheos\/","https:\/\/www.instagram.com\/entheos_org","https:\/\/www.tiktok.com\/entheos_org"]}]}},"_links":{"self":[{"href":"https:\/\/organizacionentheos.com\/en\/wp-json\/wp\/v2\/pages\/3688","targetHints":{"allow":["GET"]}}],"collection":[{"href":"https:\/\/organizacionentheos.com\/en\/wp-json\/wp\/v2\/pages"}],"about":[{"href":"https:\/\/organizacionentheos.com\/en\/wp-json\/wp\/v2\/types\/page"}],"author":[{"embeddable":true,"href":"https:\/\/organizacionentheos.com\/en\/wp-json\/wp\/v2\/users\/1"}],"replies":[{"embeddable":true,"href":"https:\/\/organizacionentheos.com\/en\/wp-json\/wp\/v2\/comments?post=3688"}],"version-history":[{"count":17,"href":"https:\/\/organizacionentheos.com\/en\/wp-json\/wp\/v2\/pages\/3688\/revisions"}],"predecessor-version":[{"id":4342,"href":"https:\/\/organizacionentheos.com\/en\/wp-json\/wp\/v2\/pages\/3688\/revisions\/4342"}],"up":[{"embeddable":true,"href":"https:\/\/organizacionentheos.com\/en\/wp-json\/wp\/v2\/pages\/3594"}],"wp:attachment":[{"href":"https:\/\/organizacionentheos.com\/en\/wp-json\/wp\/v2\/media?parent=3688"}],"curies":[{"name":"wp","href":"https:\/\/api.w.org\/{rel}","templated":true}]}}