{"id":3594,"date":"2020-03-03T19:55:48","date_gmt":"2020-03-03T19:55:48","guid":{"rendered":"http:\/\/nuevo.lumendigital.cl\/?page_id=3594"},"modified":"2025-09-30T18:14:52","modified_gmt":"2025-09-30T18:14:52","slug":"equipo","status":"publish","type":"page","link":"https:\/\/organizacionentheos.com\/en\/equipo\/","title":{"rendered":"Equipo"},"content":{"rendered":"<section class=\"l-section wpb_row us_custom_a7aad6fd height_auto color_primary with_img parallax_ver parallaxdir_reversed with_overlay\"><div class=\"l-section-img\" style=\"background-image: url(https:\/\/organizacionentheos.com\/wp-content\/uploads\/2020\/08\/equipoazul-scaled-freshblue.jpg);\" data-img-width=\"2560\" data-img-height=\"1920\"><\/div><div class=\"l-section-overlay\" style=\"background: rgba(41,86,140,0.5)\"><\/div><div class=\"l-section-h i-cf\"><div class=\"g-cols vc_row type_default valign_top\"><div class=\"vc_col-sm-8 wpb_column vc_column_container\"><div class=\"vc_column-inner\"><div class=\"wpb_wrapper\"><div class=\"w-separator size_huge\"><\/div><div class=\"wpb_text_column us_custom_629f0017\"><div class=\"wpb_wrapper\"><h2 style=\"font-size: 30px; letter-spacing: 10px; font-weight: 400; line-height: 1,8; text-align: left; opacity: .9; font-family: Dosis, arial, sans-serif; margin: 0.67em 0;\">ENTHEOS EQUIPO<\/h2>\n<p style=\"font-size: 14px; letter-spacing: 4px; font-weight: 400; line-height: 140%; text-align: left; font-family: Dosis, arial, sans-serif; color: rgba(255,255,255, .85); text-transform: none;\"><em>S\u00f3lo puedo acompa\u00f1arte a conocerte; y s\u00f3lo en la medida en que me voy conociendo a mi mismo<\/em><\/p>\n<\/div><\/div><div class=\"w-separator size_huge\"><\/div><div class=\"w-image align_none\"><div class=\"w-image-h\"><img loading=\"lazy\" decoding=\"async\" width=\"1024\" height=\"432\" src=\"https:\/\/organizacionentheos.com\/wp-content\/uploads\/2020\/08\/equipoazulcorta-1024x432.jpg\" class=\"attachment-large size-large\" alt=\"\" srcset=\"https:\/\/organizacionentheos.com\/wp-content\/uploads\/2020\/08\/equipoazulcorta-1024x432.jpg 1024w, https:\/\/organizacionentheos.com\/wp-content\/uploads\/2020\/08\/equipoazulcorta-300x127.jpg 300w, https:\/\/organizacionentheos.com\/wp-content\/uploads\/2020\/08\/equipoazulcorta-1536x648.jpg 1536w, https:\/\/organizacionentheos.com\/wp-content\/uploads\/2020\/08\/equipoazulcorta-2048x864.jpg 2048w\" sizes=\"auto, (max-width: 1024px) 100vw, 1024px\" \/><\/div><\/div><\/div><\/div><\/div><div class=\"vc_col-sm-4 wpb_column vc_column_container\"><div class=\"vc_column-inner\"><div class=\"wpb_wrapper\"><div class=\"w-separator size_huge\"><\/div><ol class=\"g-breadcrumbs us_custom_12deb89f separator_custom align_right\" itemscope itemtype=\"http:\/\/schema.org\/BreadcrumbList\"><li class=\"g-breadcrumbs-item\" itemprop=\"itemListElement\" itemscope itemtype=\"http:\/\/schema.org\/ListItem\"><a itemprop=\"item\" href=\"https:\/\/organizacionentheos.com\/en\/\"><span itemprop=\"name\">Entheos<\/span><\/a><meta itemprop=\"position\" content=\"1\"\/><\/li><li class=\"g-breadcrumbs-separator\">\/<\/li><li class=\"g-breadcrumbs-item\">Pages<\/li><\/ol><\/div><\/div><\/div><\/div><\/div><\/section><section class=\"l-section wpb_row height_auto color_alternate with_overlay\"><div class=\"l-section-overlay\" style=\"background: #f2ebe4\"><\/div><div class=\"l-section-h i-cf\"><div class=\"g-cols vc_row type_default valign_top\"><div class=\"vc_col-sm-12 wpb_column vc_column_container\"><div class=\"vc_column-inner\"><div class=\"wpb_wrapper\"><div class=\"w-separator size_medium\"><\/div><div class=\"g-cols wpb_row  type_default valign_top vc_inner\"><div class=\"vc_col-sm-2 wpb_column vc_column_container\"><div class=\"vc_column-inner\"><div class=\"wpb_wrapper\"><\/div><\/div><\/div><div class=\"vc_col-sm-8 wpb_column vc_column_container\"><div class=\"vc_column-inner\"><div class=\"wpb_wrapper\"><div class=\"wpb_text_column\"><div class=\"wpb_wrapper\"><p style=\"text-align: center;\"><strong>Somos facilitadores de medicinas ancestrales e integradores de procesos de expansi\u00f3n de consciencia. Estamos presentes desde un acompa\u00f1amiento no invasivo de estados de consciencia expandida.<\/strong><\/p>\n<p>&nbsp;<\/p>\n<p style=\"text-align: justify; font-weight: 500; color: #5a3722; line-height: 1.7; font-size: 15px;\">Somos un equipo multidisciplinario de sabidur\u00eda con amplia experiencia a nivel internacional en la facilitaci\u00f3n de diferentes medicinas ancestrales y ente\u00f3genos, especializados en el acompa\u00f1amiento no invasivo de estados expandidos de consciencia. Hemos aprendido a trav\u00e9s de la tierra, con chamanes y maestros, y principalmente a trav\u00e9s de nosotros mismos y nuestras relaciones, en el eterno proceso del autoconocimiento.<\/p>\n<p style=\"text-align: justify; font-weight: 500; color: #5a3722; line-height: 1.7; font-size: 15px;\">Utilizamos la palabra como herramienta ente\u00f3gena para el propio entendimiento y la comprensi\u00f3n de estas experiencias ya sea en estados expandidos de consciencia o de la vida cotidiana.<\/p>\n<\/div><\/div><\/div><\/div><\/div><div class=\"vc_col-sm-2 wpb_column vc_column_container\"><div class=\"vc_column-inner\"><div class=\"wpb_wrapper\"><\/div><\/div><\/div><\/div><div class=\"w-separator size_medium with_line width_screen thick_1 style_solid color_border align_center\"><div class=\"w-separator-h\"><\/div><\/div><div class=\"g-cols wpb_row  type_default valign_top vc_inner\"><div class=\"vc_col-sm-4 wpb_column vc_column_container\"><div class=\"vc_column-inner\"><div class=\"wpb_wrapper\"><div class=\"w-person us_custom_9e50d2c8 layout_modern with_desc has_text_color\" itemscope itemtype=\"https:\/\/schema.org\/Person\"><div class=\"w-person-image\"><img loading=\"lazy\" decoding=\"async\" width=\"813\" height=\"980\" src=\"https:\/\/organizacionentheos.com\/wp-content\/uploads\/2023\/10\/sofia-team.jpeg\" class=\"attachment-full size-full\" alt=\"\" srcset=\"https:\/\/organizacionentheos.com\/wp-content\/uploads\/2023\/10\/sofia-team.jpeg 813w, https:\/\/organizacionentheos.com\/wp-content\/uploads\/2023\/10\/sofia-team-249x300.jpeg 249w\" sizes=\"auto, (max-width: 813px) 100vw, 813px\" \/><\/div><div class=\"w-person-content\"><div class=\"w-person-description\" itemprop=\"description\"><p style=\"font-weight: 400; font-size: 11px; color: #5a3722; text-align: center;\"><strong>Sofia Rodriguez Salas<\/strong><\/p>\n<p style=\"font-weight: 400; font-size: 11px; color: #5a3722; text-align: center;\">Desde muy joven comenc\u00e9 la b\u00fasqueda de respuestas sobre la existencia y sobre mi lugar en ella. En mi paso por diferentes carreras obtuve diversas herramientas para desarrollarme a nivel profesional como comunicadora y artista gr\u00e1fica.<\/p>\n<p style=\"font-weight: 400; font-size: 11px; color: #5a3722; text-align: center;\">Mi encuentro con las medicinas ancestrales me llevaron a un sorprendente viaje interno hacia mi esencia, comenzando un hermoso proceso de sanaci\u00f3n junto a mi madre Oriana, como tambi\u00e9n viajes por varios pa\u00edses de Europa y Sudam\u00e9rica, teniendo hermosas experiencias junto a cientos de personas, aprendiendo y form\u00e1ndome continuamente.<\/p>\n<p><a href=\"http:\/\/www.organizacionentheos.com\/equipo\/sofia\">Mas sobre Sofia <i class=\"fa fa-angle-right\"><\/i><\/a><\/p>\n<\/div><\/div><\/div><div class=\"w-separator size_small\"><\/div><\/div><\/div><\/div><div class=\"vc_col-sm-4 wpb_column vc_column_container\"><div class=\"vc_column-inner\"><div class=\"wpb_wrapper\"><div class=\"w-person us_custom_a1a90a80 layout_modern with_desc\" itemscope itemtype=\"https:\/\/schema.org\/Person\"><div class=\"w-person-image\"><img loading=\"lazy\" decoding=\"async\" width=\"370\" height=\"450\" src=\"https:\/\/organizacionentheos.com\/wp-content\/uploads\/2020\/03\/team-2.jpg\" class=\"attachment-full size-full\" alt=\"\" srcset=\"https:\/\/organizacionentheos.com\/wp-content\/uploads\/2020\/03\/team-2.jpg 370w, https:\/\/organizacionentheos.com\/wp-content\/uploads\/2020\/03\/team-2-247x300.jpg 247w\" sizes=\"auto, (max-width: 370px) 100vw, 370px\" \/><\/div><div class=\"w-person-content\"><div class=\"w-person-description\" itemprop=\"description\"><p style=\"font-weight: 400; font-size: 11px; color: #5a3722; text-align: center;\"><strong>Oriana Salas Avila<\/strong><\/p>\n<p style=\"font-weight: 400; font-size: 11px; color: #5a3722; text-align: center;\">Inicio en el 2016 una aventura inimaginable y sorprendente, junto con mi hija Sofia, que me lleva a emprender el viaje m\u00e1s fant\u00e1stico de mi vida, un viaje al interior de mi alma, a navegar y conocer mi yo interior, a encontrarse con mi ni\u00f1a herida, a reencontrarme con fantasmas olvidados de mi consciente, y empezar a comprender los misterios de la vida y la muerte.<\/p>\n<p style=\"font-weight: 400; font-size: 11px; color: #5a3722; text-align: center;\">Todo esto me lleva a dejar mi vida de empresaria para internarme en el m\u00e1s maravilloso mundo de las medicinas ancestrales y retiros de evoluci\u00f3n interior. Comienzo junto a Sof\u00eda a formarme en Europa en la parte psicoterap\u00e9utica y en la selva del Putumayo, Colombia, en la parte chamanica para realizar Retiros de Evoluci\u00f3n interior en Chile.<\/p>\n<p><a href=\"http:\/\/www.organizacionentheos.com\/equipo\/oriana\">Mas sobre Oriana <i class=\"fa fa-angle-right\"><\/i><\/a><\/p>\n<\/div><\/div><\/div><div class=\"w-separator size_small\"><\/div><\/div><\/div><\/div><\/div><div class=\"g-cols wpb_row  type_default valign_top vc_inner\"><div class=\"vc_col-sm-4 wpb_column vc_column_container\"><div class=\"vc_column-inner\"><div class=\"wpb_wrapper\"><div class=\"w-person us_custom_a1a90a80 layout_modern with_desc\" itemscope itemtype=\"https:\/\/schema.org\/Person\"><div class=\"w-person-image\"><a class=\"w-person-link\" href=\"http:\/\/www.organizacionentheos.com\/equipo\/lissette\/\" title=\"Lissette Morales\"><img loading=\"lazy\" decoding=\"async\" width=\"370\" height=\"450\" src=\"https:\/\/organizacionentheos.com\/wp-content\/uploads\/2020\/08\/FB_IMG_1598558101190-e1598564841638.jpg\" class=\"attachment-full size-full\" alt=\"\" srcset=\"https:\/\/organizacionentheos.com\/wp-content\/uploads\/2020\/08\/FB_IMG_1598558101190-e1598564841638.jpg 370w, https:\/\/organizacionentheos.com\/wp-content\/uploads\/2020\/08\/FB_IMG_1598558101190-e1598564841638-247x300.jpg 247w\" sizes=\"auto, (max-width: 370px) 100vw, 370px\" \/><\/a><\/div><div class=\"w-person-content\"><div class=\"w-person-description\" itemprop=\"description\"><p style=\"font-weight: 400; font-size: 11px; color: #5a3722; text-align: center;\"><strong>Lissette Morales<\/strong><\/p>\n<p style=\"font-weight: 400; font-size: 11px; color: #5a3722; text-align: center;\">En este momento de mi vida, recorro de manera m\u00e1s lucida un camino de consciencia. Para m\u00ed, el pasado y el futuro han perdido su relevancia, llenando el presente de infinitas posibilidades. Me veo, me observo, en mi y en otros, en las din\u00e1micas de rechazo y aceptaci\u00f3n, de juicios y perd\u00f3n, y al final constato que nada s\u00e9. En este viaje de expansi\u00f3n estoy abierta a todo destino y m\u00e1s agradecida que nunca.<\/p>\n<p><a href=\"http:\/\/www.organizacionentheos.com\/equipo\/Lissette\">Mas sobre Lissette <i class=\"fa fa-angle-right\"><\/i><\/a><\/p>\n<\/div><\/div><\/div><\/div><\/div><\/div><\/div><div class=\"w-separator size_medium\"><\/div><div class=\"g-cols wpb_row  type_default valign_top vc_inner\"><div class=\"vc_col-sm-4 wpb_column vc_column_container\"><div class=\"vc_column-inner\"><div class=\"wpb_wrapper\"><div class=\"w-person us_custom_a1a90a80 layout_modern with_desc\" itemscope itemtype=\"https:\/\/schema.org\/Person\"><div class=\"w-person-image\"><img loading=\"lazy\" decoding=\"async\" width=\"370\" height=\"450\" src=\"https:\/\/organizacionentheos.com\/wp-content\/uploads\/2020\/03\/team-4.jpg\" class=\"attachment-full size-full\" alt=\"\" srcset=\"https:\/\/organizacionentheos.com\/wp-content\/uploads\/2020\/03\/team-4.jpg 370w, https:\/\/organizacionentheos.com\/wp-content\/uploads\/2020\/03\/team-4-247x300.jpg 247w\" sizes=\"auto, (max-width: 370px) 100vw, 370px\" \/><\/div><div class=\"w-person-content\"><div class=\"w-person-description\" itemprop=\"description\"><p style=\"font-weight: 400; font-size: 11px; color: #5a3722; text-align: center;\"><strong>Jorge<\/strong><\/p>\n<p style=\"font-weight: 400; font-size: 11px; color: #5a3722; text-align: center;\">Siempre me han fascinado los misterios de la vida, el mundo y su gente. Desde muy joven me interesaron las civilizaciones antiguas y sus culturas, as\u00ed que cuando comenc\u00e9 a aprender sobre plantas y otras medicinas naturales, pr\u00e1cticas y sus propiedades esclarecedoras, me convert\u00ed en un curioso explorador en este viaje interior. Me ha tra\u00eddo algunas ideas incre\u00edbles.<\/p>\n<p style=\"font-weight: 400; font-size: 11px; color: #5a3722; text-align: center;\">A trav\u00e9s de muchas ceremonias tanto en Europa como en Sudam\u00e9rica, he llegado a apreciar y respetar realmente el proceso que es personal y \u00fanico para todos. Doy la bienvenida y honro la oportunidad de apoyar a quienes vienen y comparten su viaje.<\/p>\n<p><a href=\"http:\/\/www.organizacionentheos.com\/equipo\/jorge\">Mas sobre Jorge <i class=\"fa fa-angle-right\"><\/i><\/a><\/p>\n<\/div><\/div><\/div><\/div><\/div><\/div><div class=\"vc_col-sm-4 wpb_column vc_column_container\"><div class=\"vc_column-inner\"><div class=\"wpb_wrapper\"><div class=\"w-person us_custom_a1a90a80 layout_modern with_desc\" itemscope itemtype=\"https:\/\/schema.org\/Person\"><div class=\"w-person-image\"><img loading=\"lazy\" decoding=\"async\" width=\"370\" height=\"450\" src=\"https:\/\/organizacionentheos.com\/wp-content\/uploads\/2020\/03\/team-5.jpg\" class=\"attachment-full size-full\" alt=\"\" srcset=\"https:\/\/organizacionentheos.com\/wp-content\/uploads\/2020\/03\/team-5.jpg 370w, https:\/\/organizacionentheos.com\/wp-content\/uploads\/2020\/03\/team-5-247x300.jpg 247w\" sizes=\"auto, (max-width: 370px) 100vw, 370px\" \/><\/div><div class=\"w-person-content\"><div class=\"w-person-description\" itemprop=\"description\"><p style=\"font-weight: 400; font-size: 11px; color: #5a3722; text-align: center;\"><strong>Joy Maureen Soto<\/strong><\/p>\n<p style=\"font-weight: 400; font-size: 11px; color: #5a3722; text-align: center;\">Primero entr\u00e9 al viaje interior a trav\u00e9s del yoga, la meditaci\u00f3n y el trabajo de respiraci\u00f3n. M\u00e1s tarde encontr\u00e9 las medicinas ancestrales despu\u00e9s de muchos a\u00f1os de tratar la enfermedad cel\u00edaca y el s\u00edndrome del intestino irritable, ya que el sistema m\u00e9dico occidental poco proporcion\u00f3 para abordar los s\u00edntomas. La enfermedad cel\u00edaca es una enfermedad autoinmune y su significancia emocional podr\u00eda ser &#8220;Detener el mundo que quiero salir&#8221;. Eso resume bastante bien c\u00f3mo me sent\u00eda y lo que quer\u00eda en mis primeras exploraciones con yoga, meditaci\u00f3n y las medicinas ancestrales. Estaba buscando ver qu\u00e9 hab\u00eda m\u00e1s all\u00e1 de este mundo y pasar m\u00e1s tiempo all\u00ed.<\/p>\n<p style=\"font-weight: 400; font-size: 11px; color: #5a3722; text-align: center;\">Despu\u00e9s de mucha sanaci\u00f3n y experiencia con las medicinas, ahora s\u00e9 que eleg\u00ed venir AQU\u00cd, para vivir aqu\u00ed en ESTE mundo.<\/p>\n<p><a href=\"http:\/\/www.organizacionentheos.com\/equipo\/joy\">M\u00e1s sobre Joy <i class=\"fa fa-angle-right\"><\/i><\/a><\/p>\n<\/div><\/div><\/div><\/div><\/div><\/div><\/div><div class=\"w-separator size_small with_line width_screen thick_1 style_solid color_border align_center\"><div class=\"w-separator-h\"><\/div><\/div><\/div><\/div><\/div><\/div><\/div><\/section><section class=\"l-section wpb_row height_medium\"><div class=\"l-section-h i-cf\"><div class=\"g-cols vc_row type_default valign_top\"><div class=\"vc_col-sm-12 wpb_column vc_column_container\"><div class=\"vc_column-inner\"><div class=\"wpb_wrapper\"><\/div><\/div><\/div><\/div><\/div><\/section><section class=\"l-section wpb_row height_medium\"><div class=\"l-section-h i-cf\"><div class=\"g-cols vc_row type_default valign_top\"><div class=\"vc_col-sm-12 wpb_column vc_column_container\"><div class=\"vc_column-inner\"><div class=\"wpb_wrapper\"><div class=\"w-image align_center animate_afb\"><div class=\"w-image-h\"><img loading=\"lazy\" decoding=\"async\" width=\"1024\" height=\"768\" src=\"https:\/\/organizacionentheos.com\/wp-content\/uploads\/2020\/08\/equipoazul-scaled-freshblue-1024x768.jpg\" class=\"attachment-large size-large\" alt=\"\" srcset=\"https:\/\/organizacionentheos.com\/wp-content\/uploads\/2020\/08\/equipoazul-scaled-freshblue-1024x768.jpg 1024w, https:\/\/organizacionentheos.com\/wp-content\/uploads\/2020\/08\/equipoazul-scaled-freshblue-300x225.jpg 300w, https:\/\/organizacionentheos.com\/wp-content\/uploads\/2020\/08\/equipoazul-scaled-freshblue-1536x1152.jpg 1536w, https:\/\/organizacionentheos.com\/wp-content\/uploads\/2020\/08\/equipoazul-scaled-freshblue-2048x1536.jpg 2048w\" sizes=\"auto, (max-width: 1024px) 100vw, 1024px\" \/><\/div><\/div><\/div><\/div><\/div><\/div><\/div><\/section>\n","protected":false},"excerpt":{"rendered":"ENTHEOS EQUIPO S\u00f3lo puedo acompa\u00f1arte a conocerte; y s\u00f3lo en la medida en que me voy conociendo a mi mismo Entheos\/PagesSomos facilitadores de medicinas ancestrales e integradores de procesos de expansi\u00f3n de consciencia. Estamos presentes desde un acompa\u00f1amiento no invasivo de estados de consciencia expandida. &nbsp; Somos un equipo multidisciplinario de sabidur\u00eda con amplia experiencia...","protected":false},"author":1,"featured_media":0,"parent":0,"menu_order":0,"comment_status":"closed","ping_status":"closed","template":"","meta":{"_acf_changed":false,"_joinchat":[],"footnotes":""},"class_list":["post-3594","page","type-page","status-publish","hentry"],"acf":[],"yoast_head":"<!-- This site is optimized with the Yoast SEO plugin v26.5 - https:\/\/yoast.com\/wordpress\/plugins\/seo\/ -->\n<title>Equipo<\/title>\n<meta name=\"robots\" content=\"index, follow, max-snippet:-1, max-image-preview:large, max-video-preview:-1\" \/>\n<link rel=\"canonical\" href=\"https:\/\/organizacionentheos.com\/en\/equipo\/\" \/>\n<meta property=\"og:locale\" content=\"en_US\" \/>\n<meta property=\"og:locale:alternate\" content=\"es_ES\" \/>\n<meta property=\"og:type\" content=\"article\" \/>\n<meta property=\"og:title\" content=\"Equipo\" \/>\n<meta property=\"og:url\" content=\"https:\/\/organizacionentheos.com\/en\/equipo\/\" \/>\n<meta property=\"og:site_name\" content=\"Organizaci\u00f3n Entheos\" \/>\n<meta property=\"article:publisher\" content=\"https:\/\/www.facebook.com\/organizacionentheos\/\" \/>\n<meta property=\"article:modified_time\" content=\"2025-09-30T18:14:52+00:00\" \/>\n<meta name=\"twitter:card\" content=\"summary_large_image\" \/>\n<meta name=\"twitter:label1\" content=\"Est. reading time\" \/>\n\t<meta name=\"twitter:data1\" content=\"4 minutes\" \/>\n<script type=\"application\/ld+json\" class=\"yoast-schema-graph\">{\"@context\":\"https:\/\/schema.org\",\"@graph\":[{\"@type\":\"WebPage\",\"@id\":\"https:\/\/organizacionentheos.com\/equipo\/\",\"url\":\"https:\/\/organizacionentheos.com\/equipo\/\",\"name\":\"Equipo\",\"isPartOf\":{\"@id\":\"https:\/\/organizacionentheos.com\/#website\"},\"datePublished\":\"2020-03-03T19:55:48+00:00\",\"dateModified\":\"2025-09-30T18:14:52+00:00\",\"breadcrumb\":{\"@id\":\"https:\/\/organizacionentheos.com\/equipo\/#breadcrumb\"},\"inLanguage\":\"en-US\",\"potentialAction\":[{\"@type\":\"ReadAction\",\"target\":[\"https:\/\/organizacionentheos.com\/equipo\/\"]}]},{\"@type\":\"BreadcrumbList\",\"@id\":\"https:\/\/organizacionentheos.com\/equipo\/#breadcrumb\",\"itemListElement\":[{\"@type\":\"ListItem\",\"position\":1,\"name\":\"Portada\",\"item\":\"https:\/\/organizacionentheos.com\/\"},{\"@type\":\"ListItem\",\"position\":2,\"name\":\"Equipo\"}]},{\"@type\":\"WebSite\",\"@id\":\"https:\/\/organizacionentheos.com\/#website\",\"url\":\"https:\/\/organizacionentheos.com\/\",\"name\":\"Organizaci\u00f3n Entheos\",\"description\":\"Hecho con amor para grandes personas\",\"publisher\":{\"@id\":\"https:\/\/organizacionentheos.com\/#organization\"},\"potentialAction\":[{\"@type\":\"SearchAction\",\"target\":{\"@type\":\"EntryPoint\",\"urlTemplate\":\"https:\/\/organizacionentheos.com\/?s={search_term_string}\"},\"query-input\":{\"@type\":\"PropertyValueSpecification\",\"valueRequired\":true,\"valueName\":\"search_term_string\"}}],\"inLanguage\":\"en-US\"},{\"@type\":\"Organization\",\"@id\":\"https:\/\/organizacionentheos.com\/#organization\",\"name\":\"Organizaci\u00f3n Entheos\",\"url\":\"https:\/\/organizacionentheos.com\/\",\"logo\":{\"@type\":\"ImageObject\",\"inLanguage\":\"en-US\",\"@id\":\"https:\/\/organizacionentheos.com\/#\/schema\/logo\/image\/\",\"url\":\"https:\/\/organizacionentheos.com\/wp-content\/uploads\/2025\/11\/entheoslogo2025.jpg\",\"contentUrl\":\"https:\/\/organizacionentheos.com\/wp-content\/uploads\/2025\/11\/entheoslogo2025.jpg\",\"width\":1600,\"height\":901,\"caption\":\"Organizaci\u00f3n Entheos\"},\"image\":{\"@id\":\"https:\/\/organizacionentheos.com\/#\/schema\/logo\/image\/\"},\"sameAs\":[\"https:\/\/www.facebook.com\/organizacionentheos\/\",\"https:\/\/www.instagram.com\/entheos_org\",\"https:\/\/www.tiktok.com\/entheos_org\"]}]}<\/script>\n<!-- \/ Yoast SEO plugin. -->","yoast_head_json":{"title":"Equipo","robots":{"index":"index","follow":"follow","max-snippet":"max-snippet:-1","max-image-preview":"max-image-preview:large","max-video-preview":"max-video-preview:-1"},"canonical":"https:\/\/organizacionentheos.com\/en\/equipo\/","og_locale":"en_US","og_type":"article","og_title":"[:es]Equipo[:] - Organizaci\u00f3n Entheos","og_url":"https:\/\/organizacionentheos.com\/en\/equipo\/","og_site_name":"Organizaci\u00f3n Entheos","article_publisher":"https:\/\/www.facebook.com\/organizacionentheos\/","article_modified_time":"2025-09-30T18:14:52+00:00","twitter_card":"summary_large_image","twitter_misc":{"Est. reading time":"4 minutes"},"schema":{"@context":"https:\/\/schema.org","@graph":[{"@type":"WebPage","@id":"https:\/\/organizacionentheos.com\/equipo\/","url":"https:\/\/organizacionentheos.com\/equipo\/","name":"Equipo","isPartOf":{"@id":"https:\/\/organizacionentheos.com\/#website"},"datePublished":"2020-03-03T19:55:48+00:00","dateModified":"2025-09-30T18:14:52+00:00","breadcrumb":{"@id":"https:\/\/organizacionentheos.com\/equipo\/#breadcrumb"},"inLanguage":"en-US","potentialAction":[{"@type":"ReadAction","target":["https:\/\/organizacionentheos.com\/equipo\/"]}]},{"@type":"BreadcrumbList","@id":"https:\/\/organizacionentheos.com\/equipo\/#breadcrumb","itemListElement":[{"@type":"ListItem","position":1,"name":"Portada","item":"https:\/\/organizacionentheos.com\/"},{"@type":"ListItem","position":2,"name":"Equipo"}]},{"@type":"WebSite","@id":"https:\/\/organizacionentheos.com\/#website","url":"https:\/\/organizacionentheos.com\/","name":"Organizaci\u00f3n Entheos","description":"Hecho con amor para grandes personas","publisher":{"@id":"https:\/\/organizacionentheos.com\/#organization"},"potentialAction":[{"@type":"SearchAction","target":{"@type":"EntryPoint","urlTemplate":"https:\/\/organizacionentheos.com\/?s={search_term_string}"},"query-input":{"@type":"PropertyValueSpecification","valueRequired":true,"valueName":"search_term_string"}}],"inLanguage":"en-US"},{"@type":"Organization","@id":"https:\/\/organizacionentheos.com\/#organization","name":"Organizaci\u00f3n Entheos","url":"https:\/\/organizacionentheos.com\/","logo":{"@type":"ImageObject","inLanguage":"en-US","@id":"https:\/\/organizacionentheos.com\/#\/schema\/logo\/image\/","url":"https:\/\/organizacionentheos.com\/wp-content\/uploads\/2025\/11\/entheoslogo2025.jpg","contentUrl":"https:\/\/organizacionentheos.com\/wp-content\/uploads\/2025\/11\/entheoslogo2025.jpg","width":1600,"height":901,"caption":"Organizaci\u00f3n Entheos"},"image":{"@id":"https:\/\/organizacionentheos.com\/#\/schema\/logo\/image\/"},"sameAs":["https:\/\/www.facebook.com\/organizacionentheos\/","https:\/\/www.instagram.com\/entheos_org","https:\/\/www.tiktok.com\/entheos_org"]}]}},"_links":{"self":[{"href":"https:\/\/organizacionentheos.com\/en\/wp-json\/wp\/v2\/pages\/3594","targetHints":{"allow":["GET"]}}],"collection":[{"href":"https:\/\/organizacionentheos.com\/en\/wp-json\/wp\/v2\/pages"}],"about":[{"href":"https:\/\/organizacionentheos.com\/en\/wp-json\/wp\/v2\/types\/page"}],"author":[{"embeddable":true,"href":"https:\/\/organizacionentheos.com\/en\/wp-json\/wp\/v2\/users\/1"}],"replies":[{"embeddable":true,"href":"https:\/\/organizacionentheos.com\/en\/wp-json\/wp\/v2\/comments?post=3594"}],"version-history":[{"count":26,"href":"https:\/\/organizacionentheos.com\/en\/wp-json\/wp\/v2\/pages\/3594\/revisions"}],"predecessor-version":[{"id":4347,"href":"https:\/\/organizacionentheos.com\/en\/wp-json\/wp\/v2\/pages\/3594\/revisions\/4347"}],"wp:attachment":[{"href":"https:\/\/organizacionentheos.com\/en\/wp-json\/wp\/v2\/media?parent=3594"}],"curies":[{"name":"wp","href":"https:\/\/api.w.org\/{rel}","templated":true}]}}